{"id":281,"date":"2020-09-10T11:28:04","date_gmt":"2020-09-10T11:28:04","guid":{"rendered":"https:\/\/demosites.io\/shop-gb\/?page_id=281"},"modified":"2023-08-28T02:14:33","modified_gmt":"2023-08-28T02:14:33","slug":"52e3e-about","status":"publish","type":"page","link":"https:\/\/maxecol.com.co\/inicio\/?page_id=281","title":{"rendered":"About"},"content":{"rendered":"\t\t<div data-elementor-type=\"wp-page\" data-elementor-id=\"281\" class=\"elementor elementor-281\">\n\t\t\t\t\t\t<section class=\"elementor-section elementor-top-section elementor-element elementor-element-f7e7fbe elementor-section-boxed elementor-section-height-default elementor-section-height-default\" data-id=\"f7e7fbe\" data-element_type=\"section\">\n\t\t\t\t\t\t<div class=\"elementor-container elementor-column-gap-default\">\n\t\t\t\t\t<div class=\"elementor-column elementor-col-100 elementor-top-column elementor-element elementor-element-27dc854\" data-id=\"27dc854\" data-element_type=\"column\">\n\t\t\t<div class=\"elementor-widget-wrap\">\n\t\t\t\t\t\t\t<\/div>\n\t\t<\/div>\n\t\t\t\t\t<\/div>\n\t\t<\/section>\n\t\t\t\t<section class=\"elementor-section elementor-top-section elementor-element elementor-element-1672bd0 elementor-section-boxed elementor-section-height-default elementor-section-height-default\" data-id=\"1672bd0\" data-element_type=\"section\">\n\t\t\t\t\t\t<div class=\"elementor-container elementor-column-gap-default\">\n\t\t\t\t\t<div class=\"elementor-column elementor-col-50 elementor-top-column elementor-element elementor-element-cd7822d\" data-id=\"cd7822d\" data-element_type=\"column\">\n\t\t\t<div class=\"elementor-widget-wrap elementor-element-populated\">\n\t\t\t\t\t\t<div class=\"elementor-element elementor-element-efb3e6a elementor-widget elementor-widget-text-editor\" data-id=\"efb3e6a\" data-element_type=\"widget\" data-widget_type=\"text-editor.default\">\n\t\t\t\t<div class=\"elementor-widget-container\">\n\t\t\t\t\t\t\t<p style=\"text-align: justify;\">Maxell es una compa\u00f1\u00eda japonesa nacida en 1962 como fabricante de bater\u00edas alcalinas. En estos 60 a\u00f1os hemos mantenido un nivel de calidad para todos los productos que llevan nuestra marca. Desde las cintas de audio cassettes, que por m\u00e1s de 15 a\u00f1os fueron el m\u00e1ximo nivel en calidad de reproducci\u00f3n musical hasta los medios de almacenamiento usados hoy en d\u00eda.<\/p>\n<p style=\"text-align: justify;\">Maxell Latin Am\u00e9rica est\u00e1 conformado por un equipo de personas dedicadas a que los productos cumplan con los requerimientos de los consumidores de Am\u00e9rica Latina y a hacer llegar estos productos de una forma eficiente a los diferentes mercados. Nuestra gente es una combinaci\u00f3n de experiencia en el comercio de exportaci\u00f3n y juventud para la creatividad de ideas.<\/p>\n<p style=\"text-align: justify;\">Nuestras oficinas est\u00e1n ubicadas en Panam\u00e1, teniendo acceso a una de las redes m\u00e1s avanzadas de comunicaci\u00f3n y probablemente, la mejor estructura multimodal de transporte. El Canal de Panam\u00e1 hace de este pa\u00eds el epicentro de la marina mercante en la regi\u00f3n y la red aeroportuaria de Panam\u00e1 permite el acceso a m\u00e1s pa\u00edses y ciudades cada d\u00eda.<\/p>\n<p>\u00a0<\/p>\t\t\t\t\t\t<\/div>\n\t\t\t\t<\/div>\n\t\t\t\t\t<\/div>\n\t\t<\/div>\n\t\t\t\t<div class=\"elementor-column elementor-col-50 elementor-top-column elementor-element elementor-element-f7fd964\" data-id=\"f7fd964\" data-element_type=\"column\">\n\t\t\t<div class=\"elementor-widget-wrap elementor-element-populated\">\n\t\t\t\t\t\t<div class=\"elementor-element elementor-element-7f58d72 elementor-invisible elementor-widget elementor-widget-heading\" data-id=\"7f58d72\" data-element_type=\"widget\" data-settings=\"{&quot;_animation&quot;:&quot;zoomIn&quot;}\" data-widget_type=\"heading.default\">\n\t\t\t\t<div class=\"elementor-widget-container\">\n\t\t\t<h2 class=\"elementor-heading-title elementor-size-default\">MAXELL COLOMBIA UNA EMPRESA COMPROMETIDA CON EL MEDIO AMBIENTE.<\/h2>\t\t<\/div>\n\t\t\t\t<\/div>\n\t\t\t\t\t<\/div>\n\t\t<\/div>\n\t\t\t\t\t<\/div>\n\t\t<\/section>\n\t\t\t\t<section class=\"elementor-section elementor-top-section elementor-element elementor-element-45f871a elementor-section-boxed elementor-section-height-default elementor-section-height-default\" data-id=\"45f871a\" data-element_type=\"section\">\n\t\t\t\t\t\t<div class=\"elementor-container elementor-column-gap-default\">\n\t\t\t\t\t<div class=\"elementor-column elementor-col-50 elementor-top-column elementor-element elementor-element-451f8bd\" data-id=\"451f8bd\" data-element_type=\"column\">\n\t\t\t<div class=\"elementor-widget-wrap elementor-element-populated\">\n\t\t\t\t\t\t<div class=\"elementor-element elementor-element-396ead1 elementor-widget elementor-widget-image\" data-id=\"396ead1\" data-element_type=\"widget\" data-widget_type=\"image.default\">\n\t\t\t\t<div class=\"elementor-widget-container\">\n\t\t\t\t\t\t\t\t\t\t\t\t\t<img fetchpriority=\"high\" decoding=\"async\" width=\"500\" height=\"500\" src=\"https:\/\/maxecol.com.co\/inicio\/wp-content\/uploads\/2023\/08\/nosotros.jpg\" class=\"attachment-large size-large wp-image-470\" alt=\"\" srcset=\"https:\/\/maxecol.com.co\/inicio\/wp-content\/uploads\/2023\/08\/nosotros.jpg 500w, https:\/\/maxecol.com.co\/inicio\/wp-content\/uploads\/2023\/08\/nosotros-300x300.jpg 300w, https:\/\/maxecol.com.co\/inicio\/wp-content\/uploads\/2023\/08\/nosotros-150x150.jpg 150w, https:\/\/maxecol.com.co\/inicio\/wp-content\/uploads\/2023\/08\/nosotros-100x100.jpg 100w\" sizes=\"(max-width: 500px) 100vw, 500px\" \/>\t\t\t\t\t\t\t\t\t\t\t\t\t<\/div>\n\t\t\t\t<\/div>\n\t\t\t\t\t<\/div>\n\t\t<\/div>\n\t\t\t\t<div class=\"elementor-column elementor-col-50 elementor-top-column elementor-element elementor-element-add9690\" data-id=\"add9690\" data-element_type=\"column\">\n\t\t\t<div class=\"elementor-widget-wrap elementor-element-populated\">\n\t\t\t\t\t\t<div class=\"elementor-element elementor-element-9969d30 elementor-widget elementor-widget-text-editor\" data-id=\"9969d30\" data-element_type=\"widget\" data-widget_type=\"text-editor.default\">\n\t\t\t\t<div class=\"elementor-widget-container\">\n\t\t\t\t\t\t\t<p style=\"text-align: justify;\">Maxell es hoy una l\u00ednea de productos mucho m\u00e1s extensa. De sus ra\u00edces en energ\u00eda m\u00f3vil y recording media, hoy d\u00eda tenemos una presencia global en los mercados de productos masivos con categor\u00edas para el manejo de la informaci\u00f3n y mejorar la calidad en la reproducci\u00f3n de sonido e im\u00e1genes.<\/p>\n<p style=\"text-align: justify;\">Creemos y ponemos todo nuestro esfuerzo en desarrollar relaciones de mutuo beneficio para de esta forma poder trabajar en conjunto con el canal de distribuci\u00f3n y el canal de venta retail. Nuestra estrategia es expandir horizontalmente la oferta de productos permiti\u00e9ndonos, junto con nuestros socios, ser el producto de calidad m\u00e1s competitivo en todas las categor\u00edas y ofrecer productos de novedad y satisfacci\u00f3n total de los consumidores.<\/p>\n<p style=\"text-align: justify;\">El futuro de Maxell est\u00e1 enfocado en mantener una presencia importante para el consumidor mientras dedica parte de sus esfuerzos a los diferentes usos de la energ\u00eda almacenada en bater\u00edas de litio como una de las soluciones que moviliza al mundo de manera m\u00e1s eficiente y que no tiene efectos negativos para el ser humano y el planeta en que vivimos.<\/p>\n<p style=\"text-align: justify;\">Siguiendo los lineamientos internacionales todos los productos que porten la marca Maxell deben tener la certificaci\u00f3n ROHS Y tener 100% de contenido en materias que no contaminen el medio ambiente.<\/p>\t\t\t\t\t\t<\/div>\n\t\t\t\t<\/div>\n\t\t\t\t\t<\/div>\n\t\t<\/div>\n\t\t\t\t\t<\/div>\n\t\t<\/section>\n\t\t\t\t<\/div>\n\t\t","protected":false},"excerpt":{"rendered":"<p>Maxell es una compa\u00f1\u00eda japonesa nacida en 1962 como fabricante de bater\u00edas alcalinas. En estos 60 a\u00f1os hemos mantenido un nivel de calidad para todos los productos que llevan nuestra marca. Desde las cintas de audio cassettes, que por m\u00e1s de 15 a\u00f1os fueron el m\u00e1ximo nivel en calidad de reproducci\u00f3n musical hasta los medios&hellip;&nbsp;<a href=\"https:\/\/maxecol.com.co\/inicio\/?page_id=281\" class=\"\" rel=\"bookmark\">Read More &raquo;<span class=\"screen-reader-text\">About<\/span><\/a><\/p>\n","protected":false},"author":1,"featured_media":0,"parent":0,"menu_order":0,"comment_status":"closed","ping_status":"closed","template":"","meta":{"neve_meta_sidebar":"full-width","neve_meta_container":"","neve_meta_enable_content_width":"on","neve_meta_content_width":100,"neve_meta_title_alignment":"","neve_meta_author_avatar":"","neve_post_elements_order":"","neve_meta_disable_header":"","neve_meta_disable_footer":"","neve_meta_disable_title":"on","neve_meta_reading_time":"","_themeisle_gutenberg_block_has_review":false,"_ti_tpc_template_sync":false,"_ti_tpc_template_id":"gbqcz9qd7r36jjux7p2c","footnotes":""},"class_list":["post-281","page","type-page","status-publish","hentry"],"_links":{"self":[{"href":"https:\/\/maxecol.com.co\/inicio\/index.php?rest_route=\/wp\/v2\/pages\/281"}],"collection":[{"href":"https:\/\/maxecol.com.co\/inicio\/index.php?rest_route=\/wp\/v2\/pages"}],"about":[{"href":"https:\/\/maxecol.com.co\/inicio\/index.php?rest_route=\/wp\/v2\/types\/page"}],"author":[{"embeddable":true,"href":"https:\/\/maxecol.com.co\/inicio\/index.php?rest_route=\/wp\/v2\/users\/1"}],"replies":[{"embeddable":true,"href":"https:\/\/maxecol.com.co\/inicio\/index.php?rest_route=%2Fwp%2Fv2%2Fcomments&post=281"}],"version-history":[{"count":10,"href":"https:\/\/maxecol.com.co\/inicio\/index.php?rest_route=\/wp\/v2\/pages\/281\/revisions"}],"predecessor-version":[{"id":480,"href":"https:\/\/maxecol.com.co\/inicio\/index.php?rest_route=\/wp\/v2\/pages\/281\/revisions\/480"}],"wp:attachment":[{"href":"https:\/\/maxecol.com.co\/inicio\/index.php?rest_route=%2Fwp%2Fv2%2Fmedia&parent=281"}],"curies":[{"name":"wp","href":"https:\/\/api.w.org\/{rel}","templated":true}]}}