{"id":6,"date":"2023-09-07T07:16:37","date_gmt":"2023-09-07T12:46:37","guid":{"rendered":"https:\/\/maxecol.com.co\/inicio\/?page_id=6"},"modified":"2023-09-07T07:39:48","modified_gmt":"2023-09-07T13:09:48","slug":"garantia","status":"publish","type":"page","link":"https:\/\/maxecol.com.co\/inicio\/?page_id=6","title":{"rendered":"Garantia"},"content":{"rendered":"\t\t<div data-elementor-type=\"wp-page\" data-elementor-id=\"6\" class=\"elementor elementor-6\">\n\t\t\t\t\t\t<section class=\"elementor-section elementor-top-section elementor-element elementor-element-18c1a762 elementor-section-boxed elementor-section-height-default elementor-section-height-default\" data-id=\"18c1a762\" data-element_type=\"section\">\n\t\t\t\t\t\t<div class=\"elementor-container elementor-column-gap-default\">\n\t\t\t\t\t<div class=\"elementor-column elementor-col-100 elementor-top-column elementor-element elementor-element-716c095c\" data-id=\"716c095c\" data-element_type=\"column\">\n\t\t\t<div class=\"elementor-widget-wrap elementor-element-populated\">\n\t\t\t\t\t\t<div class=\"elementor-element elementor-element-301a9d4b elementor-widget elementor-widget-text-editor\" data-id=\"301a9d4b\" data-element_type=\"widget\" data-widget_type=\"text-editor.default\">\n\t\t\t\t<div class=\"elementor-widget-container\">\n\t\t\t\t\t\t\t<h3><strong>Qu\u00e9 cubre nuestra garant\u00eda<\/strong><\/h3>\n<p>\u2022 Atenci\u00f3n de fallas o novedades t\u00e9cnicas<br \/>\u2022 El traslado del producto al centro de servicio desde cualquier oficina de Coordinadora sin ning\u00fan costo.<br \/>\u2022 Derecho a estar informado durante el proceso de intervenci\u00f3n o reparaci\u00f3n realizada al electrodom\u00e9stico.<br \/>\u2022 Recibir soporte y asesor\u00eda t\u00e9cnica.<\/p>\n<h3><strong>Qu\u00e9 no cubre nuestra garant\u00eda<\/strong><\/h3>\n<p>\u2022 Da\u00f1o causado al producto por factores externos o uso inadecuado del mismo como: golpes, fracturas o da\u00f1os cosm\u00e9ticos.<br \/>\u2022 Da\u00f1o ocasionado por la instalaci\u00f3n, intervenci\u00f3n (terceros no autorizados por la marca), desarme o modificaciones del producto.<br \/>\u2022 Da\u00f1o ocasionado por, o como consecuencia de: accidentes, cat\u00e1strofes naturales, desordenes p\u00fablicos, fluctuaciones de voltaje y\/o descargas el\u00e9ctricas o ingreso de alguna sustancia, objeto extra\u00f1o, insectos o roedores.<br \/>\u2022 Cuando el cliente no demuestra su relaci\u00f3n de consumo con el producto (no presenta factura, comprobante de compra, tiquete)<br \/>\u2022 Cuando el periodo de garant\u00eda ha expirado<br \/>\u2022 Cuando el producto presenta alteraci\u00f3n en seriales o estos han sido removidos.<br \/>\u2022 Cuando el producto ha sido utilizado para fines NO dom\u00e9sticos.<\/p>\t\t\t\t\t\t<\/div>\n\t\t\t\t<\/div>\n\t\t\t\t\t<\/div>\n\t\t<\/div>\n\t\t\t\t\t<\/div>\n\t\t<\/section>\n\t\t\t\t<\/div>\n\t\t","protected":false},"excerpt":{"rendered":"<p>Qu\u00e9 cubre nuestra garant\u00eda \u2022 Atenci\u00f3n de fallas o novedades t\u00e9cnicas\u2022 El traslado del producto al centro de servicio desde cualquier oficina de Coordinadora sin ning\u00fan costo.\u2022 Derecho a estar informado durante el proceso de intervenci\u00f3n o reparaci\u00f3n realizada al electrodom\u00e9stico.\u2022 Recibir soporte y asesor\u00eda t\u00e9cnica. Qu\u00e9 no cubre nuestra garant\u00eda \u2022 Da\u00f1o causado al&hellip;&nbsp;<a href=\"https:\/\/maxecol.com.co\/inicio\/?page_id=6\" class=\"\" rel=\"bookmark\">Read More &raquo;<span class=\"screen-reader-text\">Garantia<\/span><\/a><\/p>\n","protected":false},"author":1,"featured_media":0,"parent":0,"menu_order":0,"comment_status":"closed","ping_status":"closed","template":"","meta":{"neve_meta_sidebar":"","neve_meta_container":"","neve_meta_enable_content_width":"","neve_meta_content_width":0,"neve_meta_title_alignment":"","neve_meta_author_avatar":"","neve_post_elements_order":"","neve_meta_disable_header":"","neve_meta_disable_footer":"","neve_meta_disable_title":"","neve_meta_reading_time":"","_themeisle_gutenberg_block_has_review":false,"_ti_tpc_template_sync":false,"_ti_tpc_template_id":"","footnotes":""},"class_list":["post-6","page","type-page","status-publish","hentry"],"_links":{"self":[{"href":"https:\/\/maxecol.com.co\/inicio\/index.php?rest_route=\/wp\/v2\/pages\/6"}],"collection":[{"href":"https:\/\/maxecol.com.co\/inicio\/index.php?rest_route=\/wp\/v2\/pages"}],"about":[{"href":"https:\/\/maxecol.com.co\/inicio\/index.php?rest_route=\/wp\/v2\/types\/page"}],"author":[{"embeddable":true,"href":"https:\/\/maxecol.com.co\/inicio\/index.php?rest_route=\/wp\/v2\/users\/1"}],"replies":[{"embeddable":true,"href":"https:\/\/maxecol.com.co\/inicio\/index.php?rest_route=%2Fwp%2Fv2%2Fcomments&post=6"}],"version-history":[{"count":4,"href":"https:\/\/maxecol.com.co\/inicio\/index.php?rest_route=\/wp\/v2\/pages\/6\/revisions"}],"predecessor-version":[{"id":1015,"href":"https:\/\/maxecol.com.co\/inicio\/index.php?rest_route=\/wp\/v2\/pages\/6\/revisions\/1015"}],"wp:attachment":[{"href":"https:\/\/maxecol.com.co\/inicio\/index.php?rest_route=%2Fwp%2Fv2%2Fmedia&parent=6"}],"curies":[{"name":"wp","href":"https:\/\/api.w.org\/{rel}","templated":true}]}}