{"id":1626,"date":"2024-04-09T15:39:23","date_gmt":"2024-04-09T21:09:23","guid":{"rendered":"https:\/\/maxecol.com.co\/inicio\/?post_type=product&#038;p=1626"},"modified":"2026-05-08T15:50:00","modified_gmt":"2026-05-08T21:20:00","slug":"mouse-mowl-100-maxell-black-inalambrico-1600-dpi","status":"publish","type":"product","link":"https:\/\/maxecol.com.co\/inicio\/?product=mouse-mowl-100-maxell-black-inalambrico-1600-dpi","title":{"rendered":"Mouse Maxell Mowl-100 Inalambrico 1600 Dpi Negro"},"content":{"rendered":"<p>MOUSE MOWL-100 MAXELL BLACK INALAMBRICO 1600 DPI<\/p>\n","protected":false},"excerpt":{"rendered":"<p>Mouse inal\u00e1mbrico b\u00e1sico \u00f3ptico<\/p>\n<p>Resoluci\u00f3n de 1200 DPI<\/p>\n<p>Receptor USB, tecnolog\u00eda inal\u00e1mbrica 2.4GHz<\/p>\n<p>Dise\u00f1o curvo c\u00f3modo ergon\u00f3mico y liviano<\/p>\n<p>Textura anti resbalante<\/p>\n<p>Compartimiento interno para guardar el receptor USB<\/p>\n<p>Compatible con MAC y Windows<\/p>\n<p>Empaque incluye Receptor USB y bater\u00eda alcalina para mouse<\/p>\n","protected":false},"featured_media":1661,"comment_status":"open","ping_status":"closed","template":"","meta":{"neve_meta_sidebar":"","neve_meta_container":"","neve_meta_enable_content_width":"off","neve_meta_content_width":100,"neve_meta_title_alignment":"","neve_meta_author_avatar":"","neve_post_elements_order":"","neve_meta_disable_header":"","neve_meta_disable_footer":"","neve_meta_disable_title":"","neve_meta_reading_time":"","_themeisle_gutenberg_block_has_review":false,"_ti_tpc_template_sync":false,"_ti_tpc_template_id":""},"product_cat":[48,51],"product_tag":[],"class_list":{"0":"post-1626","1":"product","2":"type-product","3":"status-publish","4":"has-post-thumbnail","6":"product_cat-computo","7":"product_cat-mouse","8":"pa_marca-maxell","10":"first","11":"instock","12":"taxable","13":"shipping-taxable","14":"purchasable","15":"product-type-simple"},"_links":{"self":[{"href":"https:\/\/maxecol.com.co\/inicio\/index.php?rest_route=\/wp\/v2\/product\/1626"}],"collection":[{"href":"https:\/\/maxecol.com.co\/inicio\/index.php?rest_route=\/wp\/v2\/product"}],"about":[{"href":"https:\/\/maxecol.com.co\/inicio\/index.php?rest_route=\/wp\/v2\/types\/product"}],"replies":[{"embeddable":true,"href":"https:\/\/maxecol.com.co\/inicio\/index.php?rest_route=%2Fwp%2Fv2%2Fcomments&post=1626"}],"wp:featuredmedia":[{"embeddable":true,"href":"https:\/\/maxecol.com.co\/inicio\/index.php?rest_route=\/wp\/v2\/media\/1661"}],"wp:attachment":[{"href":"https:\/\/maxecol.com.co\/inicio\/index.php?rest_route=%2Fwp%2Fv2%2Fmedia&parent=1626"}],"wp:term":[{"taxonomy":"product_cat","embeddable":true,"href":"https:\/\/maxecol.com.co\/inicio\/index.php?rest_route=%2Fwp%2Fv2%2Fproduct_cat&post=1626"},{"taxonomy":"product_tag","embeddable":true,"href":"https:\/\/maxecol.com.co\/inicio\/index.php?rest_route=%2Fwp%2Fv2%2Fproduct_tag&post=1626"}],"curies":[{"name":"wp","href":"https:\/\/api.w.org\/{rel}","templated":true}]}}