{"id":1635,"date":"2024-04-10T10:41:39","date_gmt":"2024-04-10T16:11:39","guid":{"rendered":"https:\/\/maxecol.com.co\/inicio\/?post_type=product&#038;p=1635"},"modified":"2026-05-08T15:50:01","modified_gmt":"2026-05-08T21:20:01","slug":"mouse-mowr-105-optical-five-button-blk","status":"publish","type":"product","link":"https:\/\/maxecol.com.co\/inicio\/?product=mouse-mowr-105-optical-five-button-blk","title":{"rendered":"Mouse Maxell Mowl-105 1200\/3600 dpi optical 5 botones Negro"},"content":{"rendered":"<table width=\"521\">\n<tbody>\n<tr>\n<td width=\"521\">MAXELL MOUSE MOWR-105 OPTICAL FIVE BUTTON BLK<\/td>\n<\/tr>\n<\/tbody>\n<\/table>\n","protected":false},"excerpt":{"rendered":"<p>Mouse \u00f3ptico de 5 botones<br \/>\nResoluci\u00f3n de 1200\/1600 DPI<br \/>\n5 botones para m\u00e1ximo confort: Bot\u00f3n DPI, click izquierdo, derecho, avance y retroceso<br \/>\nDise\u00f1o curvo c\u00f3modo ergon\u00f3mico<br \/>\nTextura anti resbalante<br \/>\nEmpu\u00f1aduras laterales para dedos<br \/>\nEntrada conector USB<br \/>\nLargo del cable: 150 cms<br \/>\nCompatible con MAC y Windows<\/p>\n","protected":false},"featured_media":2407,"comment_status":"open","ping_status":"closed","template":"","meta":{"neve_meta_sidebar":"","neve_meta_container":"","neve_meta_enable_content_width":"off","neve_meta_content_width":100,"neve_meta_title_alignment":"","neve_meta_author_avatar":"","neve_post_elements_order":"","neve_meta_disable_header":"","neve_meta_disable_footer":"","neve_meta_disable_title":"","neve_meta_reading_time":"","_themeisle_gutenberg_block_has_review":false,"_ti_tpc_template_sync":false,"_ti_tpc_template_id":""},"product_cat":[48,51],"product_tag":[],"class_list":{"0":"post-1635","1":"product","2":"type-product","3":"status-publish","4":"has-post-thumbnail","6":"product_cat-computo","7":"product_cat-mouse","8":"pa_marca-maxell","10":"first","11":"instock","12":"taxable","13":"shipping-taxable","14":"purchasable","15":"product-type-simple"},"_links":{"self":[{"href":"https:\/\/maxecol.com.co\/inicio\/index.php?rest_route=\/wp\/v2\/product\/1635"}],"collection":[{"href":"https:\/\/maxecol.com.co\/inicio\/index.php?rest_route=\/wp\/v2\/product"}],"about":[{"href":"https:\/\/maxecol.com.co\/inicio\/index.php?rest_route=\/wp\/v2\/types\/product"}],"replies":[{"embeddable":true,"href":"https:\/\/maxecol.com.co\/inicio\/index.php?rest_route=%2Fwp%2Fv2%2Fcomments&post=1635"}],"wp:featuredmedia":[{"embeddable":true,"href":"https:\/\/maxecol.com.co\/inicio\/index.php?rest_route=\/wp\/v2\/media\/2407"}],"wp:attachment":[{"href":"https:\/\/maxecol.com.co\/inicio\/index.php?rest_route=%2Fwp%2Fv2%2Fmedia&parent=1635"}],"wp:term":[{"taxonomy":"product_cat","embeddable":true,"href":"https:\/\/maxecol.com.co\/inicio\/index.php?rest_route=%2Fwp%2Fv2%2Fproduct_cat&post=1635"},{"taxonomy":"product_tag","embeddable":true,"href":"https:\/\/maxecol.com.co\/inicio\/index.php?rest_route=%2Fwp%2Fv2%2Fproduct_tag&post=1635"}],"curies":[{"name":"wp","href":"https:\/\/api.w.org\/{rel}","templated":true}]}}