{"id":1818,"date":"2024-05-23T15:05:45","date_gmt":"2024-05-23T20:35:45","guid":{"rendered":"https:\/\/maxecol.com.co\/inicio\/?post_type=product&#038;p=1818"},"modified":"2026-05-08T15:50:02","modified_gmt":"2026-05-08T21:20:02","slug":"audifono-dynamic-bluetooth-inalambrico-in-ear-2","status":"publish","type":"product","link":"https:\/\/maxecol.com.co\/inicio\/?product=audifono-dynamic-bluetooth-inalambrico-in-ear-2","title":{"rendered":"Audifonos Maxell Dynamic+ Bluetooth Inalambrico In Ear  Azul"},"content":{"rendered":"<h6>Audifono Dynamic+ Bluetooth Inalambrico In Ear<\/h6>\n","protected":false},"excerpt":{"rendered":"<div>\n<ul>\n<li>Aud\u00edfonos inal\u00e1mbricos DYNAMICS+ con micr\u00f3fono y estuche cargador port\u00e1til<\/li>\n<li>Rango de Bluetooth de hasta 10 metros<\/li>\n<li>Tambi\u00e9n permite usarlos de manera individual, equivalentes a dos auriculares separados<\/li>\n<li>Dise\u00f1o tactil de comandos f\u00e1cil de controlar: Encendido, apagado, Pausa, Contestar y Finalizar llamada, modo de emparejamiento<\/li>\n<li>Estuche cargador con carga completa puede cargar hasta 5 veces m\u00e1s los aud\u00edfonos.<\/li>\n<li>Luz LED que permite saber el estado de carga de la caja<\/li>\n<li>Micr\u00f3fono incorporado para contestar llamadas.<\/li>\n<li>Entrada de carga de caja: USB-C<\/li>\n<li>Sonido de alta fidelidad<\/li>\n<li>Empaque incluye cable USB-C y manuales<\/li>\n<li>Compatible con todo tipo de tel\u00e9fonos inteligentes, tablets y\/o cualquier dispositivo que tengan funcionabilidad Bluetooth.<\/li>\n<\/ul>\n<\/div>\n","protected":false},"featured_media":1819,"comment_status":"open","ping_status":"closed","template":"","meta":{"neve_meta_sidebar":"","neve_meta_container":"","neve_meta_enable_content_width":"off","neve_meta_content_width":100,"neve_meta_title_alignment":"","neve_meta_author_avatar":"","neve_post_elements_order":"","neve_meta_disable_header":"","neve_meta_disable_footer":"","neve_meta_disable_title":"","neve_meta_reading_time":"","_themeisle_gutenberg_block_has_review":false,"_ti_tpc_template_sync":false,"_ti_tpc_template_id":""},"product_cat":[22,32],"product_tag":[],"class_list":{"0":"post-1818","1":"product","2":"type-product","3":"status-publish","4":"has-post-thumbnail","6":"product_cat-audifonos","7":"product_cat-tws","8":"pa_marca-maxell","10":"first","11":"instock","12":"sale","13":"taxable","14":"shipping-taxable","15":"purchasable","16":"product-type-simple"},"_links":{"self":[{"href":"https:\/\/maxecol.com.co\/inicio\/index.php?rest_route=\/wp\/v2\/product\/1818"}],"collection":[{"href":"https:\/\/maxecol.com.co\/inicio\/index.php?rest_route=\/wp\/v2\/product"}],"about":[{"href":"https:\/\/maxecol.com.co\/inicio\/index.php?rest_route=\/wp\/v2\/types\/product"}],"replies":[{"embeddable":true,"href":"https:\/\/maxecol.com.co\/inicio\/index.php?rest_route=%2Fwp%2Fv2%2Fcomments&post=1818"}],"wp:featuredmedia":[{"embeddable":true,"href":"https:\/\/maxecol.com.co\/inicio\/index.php?rest_route=\/wp\/v2\/media\/1819"}],"wp:attachment":[{"href":"https:\/\/maxecol.com.co\/inicio\/index.php?rest_route=%2Fwp%2Fv2%2Fmedia&parent=1818"}],"wp:term":[{"taxonomy":"product_cat","embeddable":true,"href":"https:\/\/maxecol.com.co\/inicio\/index.php?rest_route=%2Fwp%2Fv2%2Fproduct_cat&post=1818"},{"taxonomy":"product_tag","embeddable":true,"href":"https:\/\/maxecol.com.co\/inicio\/index.php?rest_route=%2Fwp%2Fv2%2Fproduct_tag&post=1818"}],"curies":[{"name":"wp","href":"https:\/\/api.w.org\/{rel}","templated":true}]}}