{"id":2032,"date":"2024-09-09T15:32:07","date_gmt":"2024-09-09T21:02:07","guid":{"rendered":"https:\/\/maxecol.com.co\/inicio\/?post_type=product&#038;p=2032"},"modified":"2026-05-08T15:50:03","modified_gmt":"2026-05-08T21:20:03","slug":"case-zagg-crystal-palace-snap-para-iphone-15-pro-transparente","status":"publish","type":"product","link":"https:\/\/maxecol.com.co\/inicio\/?product=case-zagg-crystal-palace-snap-para-iphone-15-pro-transparente","title":{"rendered":"Case ZAGG Crystal Palace Snap para iPhone 15 Pro &#8211; Transparente"},"content":{"rendered":"<p><a href=\"https:\/\/www.falabella.com.co\/falabella-co\/product\/128299263\/Case-ZAGG-Crystal-Palace-Snap-para-iPhone-15-Pro-Transparente\/128299264\">Case ZAGG Crystal Palace Snap para iPhone 15 Pro &#8211; Transparente<\/a><\/p>\n","protected":false},"excerpt":{"rendered":"<p>Durante a\u00f1os, Crystal Palace Snap ha sido la favorita de los usuarios de celulares porque te da una incre\u00edble protecci\u00f3n contra ca\u00eddas y te permite lucir tu celular. Y ahora Crystal Palace est\u00e1 reforzado con grafeno, uno de los materiales m\u00e1s resistentes de la tierra. Es delgada, flexible y protege contra el calor, lo que la convierte en una protecci\u00f3n insuperable. Pero eso no es todo.<\/p>\n<div><\/div>\n<div>\n<div>Tratamiento Antimicrobiano: contiene un agente antimicrobiano con propiedades intr\u00ednsecas que protegen tu case al inhibir el crecimiento de bacterias que causan el mal olor.<\/div>\n<div><\/div>\n<div>Dise\u00f1o Delgado: el dise\u00f1o delgado y liviano cabe f\u00e1cilmente en tu bolsillo y c\u00f3modamente en tu mano.<\/div>\n<\/div>\n<div><\/div>\n<div>Contiene un agente antimicrobiano con propiedades incorporadas para proteger su caso al inhibir el crecimiento de bacterias que causan olores y proteger contra la degradaci\u00f3n de microorganismos.<\/div>\n<div><\/div>\n<div>\n<ul>\n<li><span lang=\"ES-MX\">Marca: ZAGG<\/span><\/li>\n<li><span lang=\"ES-MX\">Modelo: Crystal Palace Snap<\/span><\/li>\n<li><span lang=\"ES-MX\">C\u00f3digo Universal: 840056184244<\/span><\/li>\n<li><span lang=\"ES-MX\">C\u00f3digo de Proveedor: 702311705<\/span><\/li>\n<li><span lang=\"ES-MX\">Color: Transparente<\/span><\/li>\n<li><span lang=\"ES-MX\">Nivel de Protecci\u00f3n: Protecci\u00f3n contra ca\u00eddas de hasta 4 metros de altura<\/span><\/li>\n<li><span lang=\"ES-MX\">Compatible con: iPhone 15 Pro<\/span><\/li>\n<li><span lang=\"ES-MX\">Dise\u00f1o del case: Delgado y liviano<\/span><\/li>\n<li><span lang=\"ES-MX\">Material: Grafeno, Pol\u00edmero, Policarbonato, TPU (poliuretano termopl\u00e1stico) y Materiales Reciclados.<\/span><\/li>\n<li><span lang=\"ES-MX\">Pa\u00eds de Origen: China<\/span><\/li>\n<li><span lang=\"ES-MX\">Tama\u00f1o de la Pantalla: 6.1&#8243;<\/span><\/li>\n<li><span lang=\"ES-MX\">Dimensiones del producto (cm): 15,20 X 7,80 X 1,20<\/span><\/li>\n<li><span lang=\"ES-MX\">Peso (kg): 0,0300<\/span><\/li>\n<li><span lang=\"ES-MX\">Medidas Packaging (cm): 11,00 X 2,20 X 20,50<\/span><\/li>\n<li><span lang=\"ES-MX\">Peso del paquete (en kg): 0,0700<\/span><\/li>\n<li><span lang=\"ES-MX\">Garant\u00eda: 1 a\u00f1o de Garant\u00eda<\/span><\/li>\n<\/ul>\n<\/div>\n","protected":false},"featured_media":2033,"comment_status":"open","ping_status":"closed","template":"","meta":{"neve_meta_sidebar":"","neve_meta_container":"","neve_meta_enable_content_width":"off","neve_meta_content_width":100,"neve_meta_title_alignment":"","neve_meta_author_avatar":"","neve_post_elements_order":"","neve_meta_disable_header":"","neve_meta_disable_footer":"","neve_meta_disable_title":"","neve_meta_reading_time":"","_themeisle_gutenberg_block_has_review":false,"_ti_tpc_template_sync":false,"_ti_tpc_template_id":""},"product_cat":[67,71],"product_tag":[],"class_list":{"0":"post-2032","1":"product","2":"type-product","3":"status-publish","4":"has-post-thumbnail","6":"product_cat-accesorios-moviles","7":"product_cat-carcasas","8":"pa_marca-zagg","10":"first","11":"instock","12":"sale","13":"taxable","14":"shipping-taxable","15":"purchasable","16":"product-type-simple"},"_links":{"self":[{"href":"https:\/\/maxecol.com.co\/inicio\/index.php?rest_route=\/wp\/v2\/product\/2032"}],"collection":[{"href":"https:\/\/maxecol.com.co\/inicio\/index.php?rest_route=\/wp\/v2\/product"}],"about":[{"href":"https:\/\/maxecol.com.co\/inicio\/index.php?rest_route=\/wp\/v2\/types\/product"}],"replies":[{"embeddable":true,"href":"https:\/\/maxecol.com.co\/inicio\/index.php?rest_route=%2Fwp%2Fv2%2Fcomments&post=2032"}],"wp:featuredmedia":[{"embeddable":true,"href":"https:\/\/maxecol.com.co\/inicio\/index.php?rest_route=\/wp\/v2\/media\/2033"}],"wp:attachment":[{"href":"https:\/\/maxecol.com.co\/inicio\/index.php?rest_route=%2Fwp%2Fv2%2Fmedia&parent=2032"}],"wp:term":[{"taxonomy":"product_cat","embeddable":true,"href":"https:\/\/maxecol.com.co\/inicio\/index.php?rest_route=%2Fwp%2Fv2%2Fproduct_cat&post=2032"},{"taxonomy":"product_tag","embeddable":true,"href":"https:\/\/maxecol.com.co\/inicio\/index.php?rest_route=%2Fwp%2Fv2%2Fproduct_tag&post=2032"}],"curies":[{"name":"wp","href":"https:\/\/api.w.org\/{rel}","templated":true}]}}