{"id":2152,"date":"2024-09-11T10:39:02","date_gmt":"2024-09-11T16:09:02","guid":{"rendered":"https:\/\/maxecol.com.co\/inicio\/?post_type=product&#038;p=2152"},"modified":"2026-05-08T15:50:03","modified_gmt":"2026-05-08T21:20:03","slug":"case-carcasa-funda-gear4-samsung-s23-transparenteazul","status":"publish","type":"product","link":"https:\/\/maxecol.com.co\/inicio\/?product=case-carcasa-funda-gear4-samsung-s23-transparenteazul","title":{"rendered":"Case Carcasa Funda Gear4 Samsung S23 TransparenteAzul"},"content":{"rendered":"<p><a href=\"https:\/\/www.falabella.com.co\/falabella-co\/product\/126151039\/Case-Carcasa-Funda-Gear4-Samsung-S23-TransparenteAzul\/126151040\">Case Carcasa Funda Gear4 Samsung S23 TransparenteAzul<\/a><\/p>\n","protected":false},"excerpt":{"rendered":"<div><b>NO INCLUYE CELULAR<\/b><\/div>\n<p><b><br \/>\nSanta Cruz es un case transparente<\/b>, delgada y liviana con bordes moldeados por inyecci\u00f3n con D3O\u00ae. Este case presenta una superficie elegante, resistente a rayaduras que te permiten lucir tu celular y tambi\u00e9n protegerlo de ca\u00eddas de hasta 4 metros.<\/p>\n<div><\/div>\n<div>Protecci\u00f3n Contra Ca\u00eddas de 4 metros: contiene D3O\u00ae, el material de protecci\u00f3n contra impactos m\u00e1s avanzado del mundo, utilizado por militares, deportistas, motociclistas y profesionales de la industria. D3O\u00ae es un material maleable y flexible que endurece al impacto, disipando el golpe y protegiendo tu dispositivo.<\/div>\n<div><\/div>\n<div>Contiene Tratamiento Antibacteriano: el case Santa Cruz contiene un agente antibacteriano con propiedades intr\u00ednsecas que protegen tu case inhibiendo el crecimiento de las bacterias que causan mal olor y previenen la degradaci\u00f3n de micro-organismos.<\/div>\n<div><\/div>\n<div>\n<div>Fabricado con Materiales Sustentables: utiliza pl\u00e1sticos reciclados, residuos post-consumo y materiales triturados post industriales.<\/div>\n<div><\/div>\n<div>Dise\u00f1o Delgado y Liviano: una protecci\u00f3n resistente no tiene que ser voluminosa. El dise\u00f1o delgado de nuestros cases te permite llevarlas f\u00e1cilmente en tu bolso y lucir elegantes en tu mano.<\/div>\n<\/div>\n<div><\/div>\n<div>\n<div>Case Transparente Con Acento de Color: la superficie del case cuenta con un tratamiento resistente a rayaduras que protege el acabado hermoso y transparente de la parte posterior del case. El material D3O\u00ae de color se moldea por inyecci\u00f3n en el case para obtener un toque de color y protecci\u00f3n adicional.<\/div>\n<div><\/div>\n<div>Compatible con Carga Inal\u00e1mbrica: todos los cases de Gear4 son compatibles con la carga inal\u00e1mbrica que significa que puedes apoyar tu celular en cualquier superficie de carga inal\u00e1mbrica de carga r\u00e1pida sin remover el case.<\/div>\n<\/div>\n<div><\/div>\n<div>\n<ul>\n<li>Marca: Gear4<\/li>\n<li>Modelo: Santa Cruz D3O<\/li>\n<li>C\u00f3digo Universal: 840056175730<\/li>\n<li>C\u00f3digo de Proveedor: 702010928<\/li>\n<li>Color: Transparente con Borde Azul<\/li>\n<li>Nivel de Protecci\u00f3n: Protecci\u00f3n contra ca\u00eddas de hasta 4 metros de altura<\/li>\n<li>Compatible con: Samsung Galaxy S23<\/li>\n<li>Dise\u00f1o del case: Delgado<\/li>\n<li>Material: Material D3O, Pol\u00edmero, Policarbonato, TPU (poliuretano termopl\u00e1stico) y Pl\u00e1sticos Reciclados<\/li>\n<li>Pa\u00eds de Origen: China<\/li>\n<li>Tama\u00f1o de la Pantalla: 6.1&#8243;<\/li>\n<li>Dimensiones del producto (cm): 16,20 X 8,00 X 1,20<\/li>\n<li>Peso (kg): 0,0340<\/li>\n<li>Medidas Packaging (cm): 11,00 X 2,20 X 20,40<\/li>\n<li>Peso del paquete (en kg): 0,0700<\/li>\n<li>Garant\u00eda: 1 a\u00f1o de Garant\u00eda<\/li>\n<\/ul>\n<\/div>\n","protected":false},"featured_media":2157,"comment_status":"open","ping_status":"closed","template":"","meta":{"neve_meta_sidebar":"","neve_meta_container":"","neve_meta_enable_content_width":"off","neve_meta_content_width":100,"neve_meta_title_alignment":"","neve_meta_author_avatar":"","neve_post_elements_order":"","neve_meta_disable_header":"","neve_meta_disable_footer":"","neve_meta_disable_title":"","neve_meta_reading_time":"","_themeisle_gutenberg_block_has_review":false,"_ti_tpc_template_sync":false,"_ti_tpc_template_id":""},"product_cat":[67,71],"product_tag":[],"class_list":{"0":"post-2152","1":"product","2":"type-product","3":"status-publish","4":"has-post-thumbnail","6":"product_cat-accesorios-moviles","7":"product_cat-carcasas","8":"pa_marca-gear4","10":"first","11":"instock","12":"sale","13":"taxable","14":"shipping-taxable","15":"purchasable","16":"product-type-simple"},"_links":{"self":[{"href":"https:\/\/maxecol.com.co\/inicio\/index.php?rest_route=\/wp\/v2\/product\/2152"}],"collection":[{"href":"https:\/\/maxecol.com.co\/inicio\/index.php?rest_route=\/wp\/v2\/product"}],"about":[{"href":"https:\/\/maxecol.com.co\/inicio\/index.php?rest_route=\/wp\/v2\/types\/product"}],"replies":[{"embeddable":true,"href":"https:\/\/maxecol.com.co\/inicio\/index.php?rest_route=%2Fwp%2Fv2%2Fcomments&post=2152"}],"wp:featuredmedia":[{"embeddable":true,"href":"https:\/\/maxecol.com.co\/inicio\/index.php?rest_route=\/wp\/v2\/media\/2157"}],"wp:attachment":[{"href":"https:\/\/maxecol.com.co\/inicio\/index.php?rest_route=%2Fwp%2Fv2%2Fmedia&parent=2152"}],"wp:term":[{"taxonomy":"product_cat","embeddable":true,"href":"https:\/\/maxecol.com.co\/inicio\/index.php?rest_route=%2Fwp%2Fv2%2Fproduct_cat&post=2152"},{"taxonomy":"product_tag","embeddable":true,"href":"https:\/\/maxecol.com.co\/inicio\/index.php?rest_route=%2Fwp%2Fv2%2Fproduct_tag&post=2152"}],"curies":[{"name":"wp","href":"https:\/\/api.w.org\/{rel}","templated":true}]}}