{"id":2195,"date":"2024-09-11T13:00:03","date_gmt":"2024-09-11T18:30:03","guid":{"rendered":"https:\/\/maxecol.com.co\/inicio\/?post_type=product&#038;p=2195"},"modified":"2026-05-08T15:50:03","modified_gmt":"2026-05-08T21:20:03","slug":"case-carcasa-funda-gear4-con-d3o-para-samsung-s23-transparente","status":"publish","type":"product","link":"https:\/\/maxecol.com.co\/inicio\/?product=case-carcasa-funda-gear4-con-d3o-para-samsung-s23-transparente","title":{"rendered":"Case Carcasa Funda Gear4 con D3O para Samsung S23 Transparente"},"content":{"rendered":"<p><a href=\"https:\/\/www.falabella.com.co\/falabella-co\/product\/126148579\/Case-Carcasa-Funda-Gear4-con-D3O-para-Samsung-S23-Transparente\/126148580\">Case Carcasa Funda Gear4 con D3O para Samsung S23 Transparente<\/a><\/p>\n","protected":false},"excerpt":{"rendered":"<p><span lang=\"ES-MX\"><b>NO INCLUYE CELULAR\u00a0<\/b><\/span><\/p>\n<p>El hermoso case Crystal Palace te da hasta 4 metros de protecci\u00f3n contra ca\u00eddas. Fabricada con D3O\u00ae Crystalex, este delgado case transparente te permite lucir tu celular y protegerlo contra impactos y rayaduras.<\/p>\n<p><span lang=\"ES-MX\">Protecci\u00f3n contra ca\u00eddas de hasta 4 metros: este case est\u00e1 fabricada con D3O\u00ae Crystalex, por lo tanto, ofrece una protecci\u00f3n contra ca\u00eddas de hasta 4 metros. D3O Crystalex es el material de protecci\u00f3n m\u00e1s transparente en cases. El D3O se endurece al recibir impactos, disipando golpes y protegiendo tu dispositivo.<\/span><\/p>\n<p>&nbsp;<\/p>\n<p><span lang=\"ES-MX\">Contiene Tratamiento Antibacteriano: contiene un agente antibacteriano con propiedades intr\u00ednsecas que protegen tu case inhibiendo el crecimiento de las bacterias que causan mal olor y previenen la degradaci\u00f3n de micro-organismos.<\/span><\/p>\n<p><span lang=\"ES-MX\">Compatible con Carga Inal\u00e1mbrica: la carga inal\u00e1mbrica es indispensable en un mundo que nunca se detiene. Todas los cases de Gear4 son compatibles con la carga inal\u00e1mbrica que significa que puedes apoyar tu celular en cualquier superficie de carga inal\u00e1mbrica de carga r\u00e1pida sin remover el case.<\/span><\/p>\n<p><span lang=\"ES-MX\">Dise\u00f1o Delgado y Liviano: una protecci\u00f3n resistente no tiene que ser voluminosa. El dise\u00f1o delgado de nuestros cases te permite llevarlas f\u00e1cilmente en tu bolso y lucir elegantes en tu mano.<br \/>\nContiene Pl\u00e1sticos Reciclados: construido en parte con pl\u00e1sticos reciclados, que contienen desperdicios post-consumidores y restos post-industriales.<\/span><\/p>\n<p>&nbsp;<\/p>\n<p><span lang=\"ES-MX\"><br \/>\nTerminaci\u00f3n Transparente: con el material D3O\u00ae Crystalex no se tornar\u00e1 amarilla con el tiempo. Es resistente a la transferencia de tinte, para que tu case retenga su hermosa terminaci\u00f3n transparente.<\/span><\/p>\n<p>&nbsp;<\/p>\n<ul>\n<li><span lang=\"ES-MX\">Marca: Gear4<\/span><\/li>\n<li><span lang=\"ES-MX\">Modelo: Crystal Palace<\/span><\/li>\n<li><span lang=\"ES-MX\">C\u00f3digo Universal: 840056175648<\/span><\/li>\n<li><span lang=\"ES-MX\">C\u00f3digo de Proveedor: 702010919<\/span><\/li>\n<li><span lang=\"ES-MX\">Color: Transparente<\/span><\/li>\n<li><span lang=\"ES-MX\">Nivel de Protecci\u00f3n: Protecci\u00f3n contra ca\u00eddas de hasta 4 metros de altura<\/span><\/li>\n<li><span lang=\"ES-MX\">Compatible con: Samsung Galaxy S23<\/span><\/li>\n<li><span lang=\"ES-MX\">Dise\u00f1o del case: Delgado<\/span><\/li>\n<li><span lang=\"ES-MX\">Material: Material D3O Crystalex, Pol\u00edmero, Policarbonato, TPU (poliuretano termopl\u00e1stico) y Pl\u00e1sticos Reciclados<\/span><\/li>\n<li><span lang=\"ES-MX\">Pa\u00eds de Origen: China<\/span><\/li>\n<li><span lang=\"ES-MX\">Tama\u00f1o de la Pantalla: 6.1&#8243;<\/span><\/li>\n<li><span lang=\"ES-MX\">Dimensiones del producto (cm): 16,20 X 8,00 X 1,20<\/span><\/li>\n<li><span lang=\"ES-MX\">Peso (kg): 0,0340<\/span><\/li>\n<li><span lang=\"ES-MX\">Medidas Packaging (cm): 11,00 X 2,00 X 20,40<\/span><\/li>\n<li><span lang=\"ES-MX\">Peso del paquete (en kg): 0,0700<\/span><\/li>\n<li><span lang=\"ES-MX\">Garant\u00eda: 1 a\u00f1o de Garant\u00eda<\/span><\/li>\n<\/ul>\n","protected":false},"featured_media":2196,"comment_status":"open","ping_status":"closed","template":"","meta":{"neve_meta_sidebar":"","neve_meta_container":"","neve_meta_enable_content_width":"off","neve_meta_content_width":100,"neve_meta_title_alignment":"","neve_meta_author_avatar":"","neve_post_elements_order":"","neve_meta_disable_header":"","neve_meta_disable_footer":"","neve_meta_disable_title":"","neve_meta_reading_time":"","_themeisle_gutenberg_block_has_review":false,"_ti_tpc_template_sync":false,"_ti_tpc_template_id":""},"product_cat":[67,71],"product_tag":[],"class_list":{"0":"post-2195","1":"product","2":"type-product","3":"status-publish","4":"has-post-thumbnail","6":"product_cat-accesorios-moviles","7":"product_cat-carcasas","8":"pa_marca-gear4","10":"first","11":"instock","12":"sale","13":"taxable","14":"shipping-taxable","15":"purchasable","16":"product-type-simple"},"_links":{"self":[{"href":"https:\/\/maxecol.com.co\/inicio\/index.php?rest_route=\/wp\/v2\/product\/2195"}],"collection":[{"href":"https:\/\/maxecol.com.co\/inicio\/index.php?rest_route=\/wp\/v2\/product"}],"about":[{"href":"https:\/\/maxecol.com.co\/inicio\/index.php?rest_route=\/wp\/v2\/types\/product"}],"replies":[{"embeddable":true,"href":"https:\/\/maxecol.com.co\/inicio\/index.php?rest_route=%2Fwp%2Fv2%2Fcomments&post=2195"}],"wp:featuredmedia":[{"embeddable":true,"href":"https:\/\/maxecol.com.co\/inicio\/index.php?rest_route=\/wp\/v2\/media\/2196"}],"wp:attachment":[{"href":"https:\/\/maxecol.com.co\/inicio\/index.php?rest_route=%2Fwp%2Fv2%2Fmedia&parent=2195"}],"wp:term":[{"taxonomy":"product_cat","embeddable":true,"href":"https:\/\/maxecol.com.co\/inicio\/index.php?rest_route=%2Fwp%2Fv2%2Fproduct_cat&post=2195"},{"taxonomy":"product_tag","embeddable":true,"href":"https:\/\/maxecol.com.co\/inicio\/index.php?rest_route=%2Fwp%2Fv2%2Fproduct_tag&post=2195"}],"curies":[{"name":"wp","href":"https:\/\/api.w.org\/{rel}","templated":true}]}}