{"id":2242,"date":"2024-09-11T13:41:05","date_gmt":"2024-09-11T19:11:05","guid":{"rendered":"https:\/\/maxecol.com.co\/inicio\/?post_type=product&#038;p=2242"},"modified":"2026-05-08T15:50:03","modified_gmt":"2026-05-08T21:20:03","slug":"case-carcasa-funda-zagg-para-samsung-z-flip5-negro","status":"publish","type":"product","link":"https:\/\/maxecol.com.co\/inicio\/?product=case-carcasa-funda-zagg-para-samsung-z-flip5-negro","title":{"rendered":"Case Carcasa Funda ZAGG para Samsung Z Flip5 Negro"},"content":{"rendered":"<p><a href=\"https:\/\/www.falabella.com.co\/falabella-co\/product\/126149422\/Case-Carcasa-Funda-ZAGG-para-Samsung-Z-Flip5-Negro\/126149423\">Case Carcasa Funda ZAGG para Samsung Z Flip5 Negro<\/a><\/p>\n","protected":false},"excerpt":{"rendered":"<ul>\n<li>\n<ul>\n<li>El case de Bridgetown cubre la bisagra de tu smartphone, por lo que todo tu celular est\u00e1 protegido contra ca\u00eddas de hasta 10 pies. Gear4 se toma en serio la resistencia y la sustentabilidad, es por esto que Bridgetown est\u00e1 fabricado con D3O\u00ae Bio, el material de protecci\u00f3n a base de plantas m\u00e1s avanzado del mundo hecho con un 52% de recursos renovables. Este case delgado y liviano tambi\u00e9n tiene un agente antibacterial con propiedades intr\u00ednsecas para proteger tu case inhibiendo el crecimiento de bacterias que causan malos olores.<\/li>\n<li><span lang=\"ES-MX\">Protecci\u00f3n Contra Ca\u00eddas de 3 metros: contiene D3O\u00ae, el material de protecci\u00f3n contra impactos m\u00e1s avanzado del mundo, utilizado por militares, deportistas, motociclistas y profesionales de la industria. D3O\u00ae es un material maleable y flexible que endurece al impacto, disipando el golpe y protegiendo tu dispositivo.<\/span><\/li>\n<li><span lang=\"ES-MX\">Dise\u00f1o Bisagra: est\u00e1 especialmente dise\u00f1ada para cases con bisagras como el Galaxy Z Flip3 5G. Cubre la bisagra de tu tel\u00e9fono para que obtengas una protecci\u00f3n completa contra ca\u00eddas.<\/span><\/li>\n<li><span lang=\"ES-MX\">Contiene Tratamiento Antibacteriano: contiene propiedades intr\u00ednsecas que la protegen, inhibiendo el crecimiento de las bacterias que causan mal olor y previenen la degradaci\u00f3n de micro-organismos.<\/span><\/li>\n<li><span lang=\"ES-MX\">Fabricado con Materiales Sustentables: est\u00e1 conformada por una versi\u00f3n de D3O\u00ae basada en una planta, llamada D3O\u00ae Bio que utiliza 52% de recursos renovables, a diferencia de los recursos f\u00f3siles. Tambi\u00e9n utiliza pl\u00e1sticos reciclados, residuos post-consumo y materiales triturados post industriales.<\/span><\/li>\n<li><span lang=\"ES-MX\">Dise\u00f1o Delgado y Liviano: el dise\u00f1o delgado de nuestros cases entra perfectamente en tu bolsillo y c\u00f3modamente en tu mano.<\/span><\/li>\n<li><span lang=\"ES-MX\">Compatible con Carga Inal\u00e1mbrica: significa que puedes apoyar tu celular en cualquier superficie de carga inal\u00e1mbrica de carga r\u00e1pida sin remover el case.<\/span><\/li>\n<\/ul>\n<p>&nbsp;<\/p>\n<p>&nbsp;<\/p>\n<p><span lang=\"ES-MX\">Nada protege tu dispositivo mejor que D3O\u00ae. El material D3O\u00ae ofrece la protecci\u00f3n m\u00e1s delgada y de avanzada contra impactos y ca\u00eddas. Este material se utiliza tambi\u00e9n en cascos, guantes y otros art\u00edculos de protecci\u00f3n usados mundialmente por soldados, atletas de elite, trabajadores industriales y motociclistas. Incluso incluye las rodilleras de Fox Racing, los cascos de f\u00fatbol de Schutt, los cascos de hockey de CCM y las plantillas Enertor que usa Usain Bolt.<\/span><\/li>\n<\/ul>\n","protected":false},"featured_media":2246,"comment_status":"open","ping_status":"closed","template":"","meta":{"neve_meta_sidebar":"","neve_meta_container":"","neve_meta_enable_content_width":"off","neve_meta_content_width":100,"neve_meta_title_alignment":"","neve_meta_author_avatar":"","neve_post_elements_order":"","neve_meta_disable_header":"","neve_meta_disable_footer":"","neve_meta_disable_title":"","neve_meta_reading_time":"","_themeisle_gutenberg_block_has_review":false,"_ti_tpc_template_sync":false,"_ti_tpc_template_id":""},"product_cat":[67,71],"product_tag":[],"class_list":{"0":"post-2242","1":"product","2":"type-product","3":"status-publish","4":"has-post-thumbnail","6":"product_cat-accesorios-moviles","7":"product_cat-carcasas","8":"pa_marca-ifrogz","10":"first","11":"instock","12":"sale","13":"taxable","14":"shipping-taxable","15":"purchasable","16":"product-type-simple"},"_links":{"self":[{"href":"https:\/\/maxecol.com.co\/inicio\/index.php?rest_route=\/wp\/v2\/product\/2242"}],"collection":[{"href":"https:\/\/maxecol.com.co\/inicio\/index.php?rest_route=\/wp\/v2\/product"}],"about":[{"href":"https:\/\/maxecol.com.co\/inicio\/index.php?rest_route=\/wp\/v2\/types\/product"}],"replies":[{"embeddable":true,"href":"https:\/\/maxecol.com.co\/inicio\/index.php?rest_route=%2Fwp%2Fv2%2Fcomments&post=2242"}],"wp:featuredmedia":[{"embeddable":true,"href":"https:\/\/maxecol.com.co\/inicio\/index.php?rest_route=\/wp\/v2\/media\/2246"}],"wp:attachment":[{"href":"https:\/\/maxecol.com.co\/inicio\/index.php?rest_route=%2Fwp%2Fv2%2Fmedia&parent=2242"}],"wp:term":[{"taxonomy":"product_cat","embeddable":true,"href":"https:\/\/maxecol.com.co\/inicio\/index.php?rest_route=%2Fwp%2Fv2%2Fproduct_cat&post=2242"},{"taxonomy":"product_tag","embeddable":true,"href":"https:\/\/maxecol.com.co\/inicio\/index.php?rest_route=%2Fwp%2Fv2%2Fproduct_tag&post=2242"}],"curies":[{"name":"wp","href":"https:\/\/api.w.org\/{rel}","templated":true}]}}