{"id":2253,"date":"2024-09-11T14:02:00","date_gmt":"2024-09-11T19:32:00","guid":{"rendered":"https:\/\/maxecol.com.co\/inicio\/?post_type=product&#038;p=2253"},"modified":"2026-05-08T15:50:03","modified_gmt":"2026-05-08T21:20:03","slug":"case-carcasa-funda-zagg-para-samsung-z-fold5-negro","status":"publish","type":"product","link":"https:\/\/maxecol.com.co\/inicio\/?product=case-carcasa-funda-zagg-para-samsung-z-fold5-negro","title":{"rendered":"Case Carcasa Funda ZAGG para Samsung Z Fold5 Negro"},"content":{"rendered":"<p><a href=\"https:\/\/www.falabella.com.co\/falabella-co\/product\/126149459\/Case-Carcasa-Funda-ZAGG-para-Samsung-Z-Fold5-Negro\/126149460\">Case Carcasa Funda ZAGG para Samsung Z Fold5 Negro<\/a><\/p>\n","protected":false},"excerpt":{"rendered":"<p><span lang=\"ES-MX\"><b>NO INCLUYE CELULAR\u00a0<\/b><\/span><\/p>\n<div>\n<div>El case Bridgetown ha sido especialmente dise\u00f1ado para cubrir y proteger el doblez de tu celular. Bridgetown est\u00e1 reforzado con grafeno, uno de los materiales m\u00e1s resistentes del mundo. Este case liviana combina protecci\u00f3n y funcionalidad con un dise\u00f1o elegante y minimalista.<\/div>\n<div><\/div>\n<div>Protecci\u00f3n contra ca\u00eddas de 3 metros (10 pies): Bridgetown est\u00e1 reforzada con grafeno, uno de los materiales m\u00e1s resistentes del mundo creado por el hombre. Ha sido testeado y se ha comprobado que protege tu celular de ca\u00eddas de hasta 3 metros (1).<\/div>\n<div><\/div>\n<div>Reforzado con Grafeno (2): el grafeno es m\u00e1s resistente que un diamante, pero m\u00e1s el\u00e1stico que el caucho y es 200 veces m\u00e1s fuerte que el acero. Tambi\u00e9n es altamente conductor, lo que permite disipar el calor. El grafeno es utilizado por innovadores l\u00edderes en la industria de la aviaci\u00f3n, la industria aeroespacial, equipos deportivos profesionales y equipos militares.<\/div>\n<div><\/div>\n<div>Dise\u00f1o para Bisagras: est\u00e1 especialmente dise\u00f1ada para celulares con doblez como el Samsung Galaxy Z Flip5. Cubre la bisagra de tu celular, por lo que tendr\u00e1s una protecci\u00f3n completa contra ca\u00eddas.<\/div>\n<div><\/div>\n<div>Contiene Tratamiento Antimicrobiano: Bridgetown contiene un agente antimicrobiano con propiedades intr\u00ednsecas que protegen tu case al inhibir el crecimiento de bacterias que causan malos olores y previenen la degradaci\u00f3n de microorganismos<\/div>\n<div><\/div>\n<div>\u00a0(3).*Soporte para\u00a0 S Pen: el case Bridgetown tiene un soporte para tu S Pen, para que no se pierda en tu bolso y est\u00e9 siempre a mano cuando lo necesites.<\/div>\n<div><\/div>\n<div>Dise\u00f1o Delgado y Liviano: una protecci\u00f3n resistente no precisa ser voluminosa. El dise\u00f1o delgado de nuestros cases te permite llevarlas f\u00e1cilmente en tu bolsillo y lucir elegantes en tu mano.<\/div>\n<div><\/div>\n<div>Compatible con Carga Inal\u00e1mbrica: los cases de Gear4 son compatibles con la carga inal\u00e1mbrica por lo cual te permite apoyar tu celular en cualquier superficie de carga inal\u00e1mbrica de carga r\u00e1pida sin remover el case.<\/div>\n<div>(1) Mil Std 810G 516<\/div>\n<div>(2) Ver ZAGG.com\/grapheneFAQ para m\u00e1s detalles.<\/div>\n<div>(3) Contiene un agente antimicrobiano con propiedades intr\u00ednsecas que protegen tu case inhibiendo el crecimiento de bacterias que causan olores y lo protegen contra la degradaci\u00f3n de microorganismos.<\/div>\n<div><\/div>\n<\/div>\n<div>\n<ul>\n<li>Marca: ZAGG<\/li>\n<li>Modelo: Bridgetown<\/li>\n<li>C\u00f3digo Universal: 840056188365<\/li>\n<li>C\u00f3digo de Proveedor: 702312131<\/li>\n<li>Color: Negro<\/li>\n<li>Nivel de Protecci\u00f3n: Protecci\u00f3n contra ca\u00eddas de hasta 3 metros de altura<\/li>\n<li>Compatible con: Samsung Galaxy Z Fold5<\/li>\n<li>Dise\u00f1o del case: Delgado y liviano<\/li>\n<li>Material: Grafeno, Pol\u00edmero, Policarbonato y TPU (poliuretano termopl\u00e1stico)<\/li>\n<li>Pa\u00eds de Origen: China<\/li>\n<li>Tama\u00f1o de la Pantalla: 6.1&#8243;<\/li>\n<li>Dimensiones del producto (cm): 16,00 X 14,00 X 1,10<\/li>\n<li>Peso (kg): 0,0540<\/li>\n<li>Medidas Packaging (cm): 10,90 X 2,10 X 20,50<\/li>\n<li>Peso del paquete (en kg): 0,0880<\/li>\n<li>Garant\u00eda: 1 a\u00f1o de Garant\u00eda<\/li>\n<\/ul>\n<\/div>\n","protected":false},"featured_media":2254,"comment_status":"open","ping_status":"closed","template":"","meta":{"neve_meta_sidebar":"","neve_meta_container":"","neve_meta_enable_content_width":"off","neve_meta_content_width":100,"neve_meta_title_alignment":"","neve_meta_author_avatar":"","neve_post_elements_order":"","neve_meta_disable_header":"","neve_meta_disable_footer":"","neve_meta_disable_title":"","neve_meta_reading_time":"","_themeisle_gutenberg_block_has_review":false,"_ti_tpc_template_sync":false,"_ti_tpc_template_id":""},"product_cat":[67,71],"product_tag":[],"class_list":{"0":"post-2253","1":"product","2":"type-product","3":"status-publish","4":"has-post-thumbnail","6":"product_cat-accesorios-moviles","7":"product_cat-carcasas","8":"pa_marca-ifrogz","10":"first","11":"instock","12":"sale","13":"taxable","14":"shipping-taxable","15":"purchasable","16":"product-type-simple"},"_links":{"self":[{"href":"https:\/\/maxecol.com.co\/inicio\/index.php?rest_route=\/wp\/v2\/product\/2253"}],"collection":[{"href":"https:\/\/maxecol.com.co\/inicio\/index.php?rest_route=\/wp\/v2\/product"}],"about":[{"href":"https:\/\/maxecol.com.co\/inicio\/index.php?rest_route=\/wp\/v2\/types\/product"}],"replies":[{"embeddable":true,"href":"https:\/\/maxecol.com.co\/inicio\/index.php?rest_route=%2Fwp%2Fv2%2Fcomments&post=2253"}],"wp:featuredmedia":[{"embeddable":true,"href":"https:\/\/maxecol.com.co\/inicio\/index.php?rest_route=\/wp\/v2\/media\/2254"}],"wp:attachment":[{"href":"https:\/\/maxecol.com.co\/inicio\/index.php?rest_route=%2Fwp%2Fv2%2Fmedia&parent=2253"}],"wp:term":[{"taxonomy":"product_cat","embeddable":true,"href":"https:\/\/maxecol.com.co\/inicio\/index.php?rest_route=%2Fwp%2Fv2%2Fproduct_cat&post=2253"},{"taxonomy":"product_tag","embeddable":true,"href":"https:\/\/maxecol.com.co\/inicio\/index.php?rest_route=%2Fwp%2Fv2%2Fproduct_tag&post=2253"}],"curies":[{"name":"wp","href":"https:\/\/api.w.org\/{rel}","templated":true}]}}