{"id":2363,"date":"2025-02-07T08:50:00","date_gmt":"2025-02-07T14:20:00","guid":{"rendered":"https:\/\/maxecol.com.co\/inicio\/?post_type=product&#038;p=2363"},"modified":"2026-05-08T15:50:03","modified_gmt":"2026-05-08T21:20:03","slug":"memoria-sd-maxell-64gb-class-10-sdxc","status":"publish","type":"product","link":"https:\/\/maxecol.com.co\/inicio\/?product=memoria-sd-maxell-64gb-class-10-sdxc","title":{"rendered":"Memoria SD Maxell  64GB   Class 10 SDXC"},"content":{"rendered":"<table style=\"height: 70px;\" width=\"399\">\n<tbody>\n<tr>\n<td width=\"238\">Memoria SD Maxell\u00a0 64GB\u00a0\u00a0 Class 10 SDXC<\/td>\n<\/tr>\n<\/tbody>\n<\/table>\n","protected":false},"excerpt":{"rendered":"<p>La Memoria UHS-1 Pro te ofrece un rendimiento excepcional para capturar cada momento con una calidad impresionante. Esta tarjeta garantiza una grabaci\u00f3n de v\u00eddeo fluida y sin problemas en resoluci\u00f3n, permiti\u00e9ndote revivir tus aventuras con una claridad excepcional.<\/p>\n<p>\u2022 Memoria SD Flash Media Secure PLATINUM<br \/>\n\u2022 UHS-1 y Speed Class 10 para grabaci\u00f3n de v\u00eddeo y reproducci\u00f3n en HD<br \/>\n\u2022 2 veces m\u00e1s r\u00e1pida que una memoria Class 4<br \/>\n\u2022 Para uso general o diario, sobre todo en c\u00e1maras fotogr\u00e1ficas o de video, c\u00e1maras de seguridad, c\u00e1maras GoPro<br \/>\n\u2022 A prueba de golpes, cambios de temperatura, rayos X y resistente al agua, polvo, suciedad, manteniendo todos los datos en forma segura<br \/>\n\u2022 Velocidades de transferencia de hasta 90 MB\/s<br \/>\n\u2022 Disponible en capacidades: 8GB, 16GB, 32GB, 64GB y 128GB<br \/>\n\u2022 Incluye adaptador de SD para amplia compatibilidad de equipos, tel\u00e9fonos inteligentes y tabletas, tambi\u00e9n ideal para c\u00e1maras digitales, PCs, port\u00e1tiles, etc.<br \/>\n\u2022 Compatible con MAC y Windows<\/p>\n","protected":false},"featured_media":2365,"comment_status":"open","ping_status":"closed","template":"","meta":{"neve_meta_sidebar":"","neve_meta_container":"","neve_meta_enable_content_width":"off","neve_meta_content_width":100,"neve_meta_title_alignment":"","neve_meta_author_avatar":"","neve_post_elements_order":"","neve_meta_disable_header":"","neve_meta_disable_footer":"","neve_meta_disable_title":"","neve_meta_reading_time":"","_themeisle_gutenberg_block_has_review":false,"_ti_tpc_template_sync":false,"_ti_tpc_template_id":""},"product_cat":[37,64],"product_tag":[],"class_list":{"0":"post-2363","1":"product","2":"type-product","3":"status-publish","4":"has-post-thumbnail","6":"product_cat-almacenamiento","7":"product_cat-sd","9":"first","10":"outofstock","11":"taxable","12":"shipping-taxable","13":"purchasable","14":"product-type-simple"},"_links":{"self":[{"href":"https:\/\/maxecol.com.co\/inicio\/index.php?rest_route=\/wp\/v2\/product\/2363"}],"collection":[{"href":"https:\/\/maxecol.com.co\/inicio\/index.php?rest_route=\/wp\/v2\/product"}],"about":[{"href":"https:\/\/maxecol.com.co\/inicio\/index.php?rest_route=\/wp\/v2\/types\/product"}],"replies":[{"embeddable":true,"href":"https:\/\/maxecol.com.co\/inicio\/index.php?rest_route=%2Fwp%2Fv2%2Fcomments&post=2363"}],"wp:featuredmedia":[{"embeddable":true,"href":"https:\/\/maxecol.com.co\/inicio\/index.php?rest_route=\/wp\/v2\/media\/2365"}],"wp:attachment":[{"href":"https:\/\/maxecol.com.co\/inicio\/index.php?rest_route=%2Fwp%2Fv2%2Fmedia&parent=2363"}],"wp:term":[{"taxonomy":"product_cat","embeddable":true,"href":"https:\/\/maxecol.com.co\/inicio\/index.php?rest_route=%2Fwp%2Fv2%2Fproduct_cat&post=2363"},{"taxonomy":"product_tag","embeddable":true,"href":"https:\/\/maxecol.com.co\/inicio\/index.php?rest_route=%2Fwp%2Fv2%2Fproduct_tag&post=2363"}],"curies":[{"name":"wp","href":"https:\/\/api.w.org\/{rel}","templated":true}]}}