{"id":2373,"date":"2025-02-07T09:02:30","date_gmt":"2025-02-07T14:32:30","guid":{"rendered":"https:\/\/maxecol.com.co\/inicio\/?post_type=product&#038;p=2373"},"modified":"2026-05-08T15:50:03","modified_gmt":"2026-05-08T21:20:03","slug":"audifonos-maxell-solid-eb-bt100-inalamb-bluetooth-c-mic-gris","status":"publish","type":"product","link":"https:\/\/maxecol.com.co\/inicio\/?product=audifonos-maxell-solid-eb-bt100-inalamb-bluetooth-c-mic-gris","title":{"rendered":"Audifonos Maxell Solid Eb-bt100 Inalamb Bluetooth C\/ Mic Gris"},"content":{"rendered":"<table style=\"height: 61px;\" width=\"501\">\n<tbody>\n<tr>\n<td width=\"238\">Audifonos Maxell Solid Eb-bt100 Inalamb Bluetooth C\/ Mic Gris<\/td>\n<\/tr>\n<\/tbody>\n<\/table>\n","protected":false},"excerpt":{"rendered":"<p>Los Aud\u00edfonos inal\u00e1mbricos BT100 cuentan con sistema de alas para mejor soporte en el o\u00eddo, una bater\u00eda de litio recargable de uso continuo m\u00ednimo de 2 horas seguidas su bluetooth tiene un rango de hasta 10 metros de distancia sin obst\u00e1culos.<\/p>\n<p>\u2022 Aud\u00edfonos inal\u00e1mbricos Bluetooth con sistema de alas para mejor soporte en el o\u00eddo<br \/>\n\u2022 Bater\u00eda de litio recargable de uso continuo m\u00ednimo de 2 hora seguidas<br \/>\n\u2022 Rango de Bluetooth de hasta 10 metros<br \/>\n\u2022 Peque\u00f1o control de mandos incorporado a un costado del aud\u00edfono con doble funciones: Volumen + = Siguiente canci\u00f3n, Reproducir\/Pausa = Contestar llamada, Volumen &#8211; = Canci\u00f3n anterior<br \/>\n\u2022 Indicador sonoro de volumen alto y bajo<br \/>\n\u2022 Micr\u00f3fono incorporado<br \/>\n\u2022 Entrada de carga USB-C<br \/>\n\u2022 Sonido de alta calidad<br \/>\n\u2022 Empaque incluye cable USB-C, mini bolso para aud\u00edfonos y manuales<\/p>\n","protected":false},"featured_media":2378,"comment_status":"open","ping_status":"closed","template":"","meta":{"neve_meta_sidebar":"","neve_meta_container":"","neve_meta_enable_content_width":"off","neve_meta_content_width":100,"neve_meta_title_alignment":"","neve_meta_author_avatar":"","neve_post_elements_order":"","neve_meta_disable_header":"","neve_meta_disable_footer":"","neve_meta_disable_title":"","neve_meta_reading_time":"","_themeisle_gutenberg_block_has_review":false,"_ti_tpc_template_sync":false,"_ti_tpc_template_id":""},"product_cat":[22,23],"product_tag":[],"class_list":{"0":"post-2373","1":"product","2":"type-product","3":"status-publish","4":"has-post-thumbnail","6":"product_cat-audifonos","7":"product_cat-bluethooth","9":"first","10":"instock","11":"sale","12":"taxable","13":"shipping-taxable","14":"purchasable","15":"product-type-simple"},"_links":{"self":[{"href":"https:\/\/maxecol.com.co\/inicio\/index.php?rest_route=\/wp\/v2\/product\/2373"}],"collection":[{"href":"https:\/\/maxecol.com.co\/inicio\/index.php?rest_route=\/wp\/v2\/product"}],"about":[{"href":"https:\/\/maxecol.com.co\/inicio\/index.php?rest_route=\/wp\/v2\/types\/product"}],"replies":[{"embeddable":true,"href":"https:\/\/maxecol.com.co\/inicio\/index.php?rest_route=%2Fwp%2Fv2%2Fcomments&post=2373"}],"wp:featuredmedia":[{"embeddable":true,"href":"https:\/\/maxecol.com.co\/inicio\/index.php?rest_route=\/wp\/v2\/media\/2378"}],"wp:attachment":[{"href":"https:\/\/maxecol.com.co\/inicio\/index.php?rest_route=%2Fwp%2Fv2%2Fmedia&parent=2373"}],"wp:term":[{"taxonomy":"product_cat","embeddable":true,"href":"https:\/\/maxecol.com.co\/inicio\/index.php?rest_route=%2Fwp%2Fv2%2Fproduct_cat&post=2373"},{"taxonomy":"product_tag","embeddable":true,"href":"https:\/\/maxecol.com.co\/inicio\/index.php?rest_route=%2Fwp%2Fv2%2Fproduct_tag&post=2373"}],"curies":[{"name":"wp","href":"https:\/\/api.w.org\/{rel}","templated":true}]}}