{"id":2660,"date":"2026-04-14T15:27:38","date_gmt":"2026-04-14T20:57:38","guid":{"rendered":"https:\/\/maxecol.com.co\/inicio\/?post_type=product&#038;p=2660"},"modified":"2026-05-08T15:50:06","modified_gmt":"2026-05-08T21:20:06","slug":"auriculares-maxell-bluetooth-eb-btmxduo-eb-btmxduo","status":"publish","type":"product","link":"https:\/\/maxecol.com.co\/inicio\/?product=auriculares-maxell-bluetooth-eb-btmxduo-eb-btmxduo","title":{"rendered":"Auriculares Maxell Bluetooth EB-BTMXDUO EB-BTMXDUO"},"content":{"rendered":"<h4 class=\"andes-typography andes-typography--type-title andes-typography--size-m andes-typography--color-primary andes-typography--weight-regular\">Auriculares Maxell Bluetooth EB-BTMXDUO EB-BTMXDUO<\/h4>\n","protected":false},"excerpt":{"rendered":"<p>Los aud\u00edfonos Maxell True Wireless combinan estilo, comodidad y tecnolog\u00eda de punta para ofrecerte una experiencia auditiva sin l\u00edmites. Su dise\u00f1o ergon\u00f3mico con aletas de sujeci\u00f3n garantiza un ajuste seguro, ideal para entrenamientos intensos o largas jornadas. Gracias a su estuche de carga compacto y moderno, disfruta de horas de m\u00fasica ininterrumpida donde quiera que vayas. Con conexi\u00f3n Bluetooth estable, micr\u00f3fono integrado y controles t\u00e1ctiles, puedes gestionar llamadas y m\u00fasica sin sacar el tel\u00e9fono. Vive el sonido con potencia, claridad y libertad total. Maxell True Wireless: m\u00e1s que aud\u00edfonos, tu compa\u00f1ero perfecto en movimiento.<\/p>\n<p>DESCRIPCION DE PRODUCTO<\/p>\n<p>\u2022 Aud\u00edfonos Inal\u00e1mbricos Maxell Bluetooth MaxPods &#8211; Ultra Boosted<br \/>\n\u2022 Aud\u00edfonos Inal\u00e1mbricos Maxell Bluetooth MaxPods \u2013 Sonido Ultra Boosted y Gran Autonom\u00eda<br \/>\n\u2022 Disfruta de una experiencia sonora superior con los Aud\u00edfonos Inal\u00e1mbricos Maxell Bluetooth MaxPods.<br \/>\n\u2022 Bluetooth 5.3 , garantizan una conexi\u00f3n estable y sin interrupciones hasta 10 metros de alcance.<br \/>\n\u2022 Su control t\u00e1ctil facilita el manejo de m\u00fasica y llamadas con un solo toque.<br \/>\n\u2022 Los MaxPods ofrecen hasta 7 horas de reproducci\u00f3n continua por carga , con un total de 35 horas de autonom\u00eda gracias a su estuche de carga. Con 4 recargas adicionales , disfruta de tu m\u00fasica sin preocupaciones.<br \/>\n\u2022 El puerto USB-C permite una carga eficiente para que tus aud\u00edfonos est\u00e9n siempre listos cuando los necesites.<br \/>\n\u2022 El puerto USB-C permite una carga eficiente para que tus aud\u00edfonos est\u00e9n siempre listos cuando los necesites.<br \/>\n\u2022 Vive una calidad de audio envolvente con bajos potentes y agudos n\u00edtidos, ideales para m\u00fasica, llamadas y entretenimiento. Conexi\u00f3n r\u00e1pida y estable.<br \/>\n\u2022 Control t\u00e1ctil Cambia canciones y atiende llamadas con un toque.<br \/>\n\u2022 Alcance de 10 metros Libertad de movimiento sin perder la conexi\u00f3n.<br \/>\n\u2022 Autonom\u00eda de 35 horas Reproduce m\u00fasica todo el d\u00eda. Carga USB-C Recarga r\u00e1pida y eficiente.<\/p>\n","protected":false},"featured_media":2662,"comment_status":"open","ping_status":"closed","template":"","meta":{"neve_meta_sidebar":"","neve_meta_container":"","neve_meta_enable_content_width":"off","neve_meta_content_width":100,"neve_meta_title_alignment":"","neve_meta_author_avatar":"","neve_post_elements_order":"","neve_meta_disable_header":"","neve_meta_disable_footer":"","neve_meta_disable_title":"","neve_meta_reading_time":"","_themeisle_gutenberg_block_has_review":false,"_ti_tpc_template_sync":false,"_ti_tpc_template_id":""},"product_cat":[22,32],"product_tag":[],"class_list":{"0":"post-2660","1":"product","2":"type-product","3":"status-publish","4":"has-post-thumbnail","6":"product_cat-audifonos","7":"product_cat-tws","8":"pa_marca-maxell","10":"first","11":"instock","12":"sale","13":"taxable","14":"shipping-taxable","15":"purchasable","16":"product-type-simple"},"_links":{"self":[{"href":"https:\/\/maxecol.com.co\/inicio\/index.php?rest_route=\/wp\/v2\/product\/2660"}],"collection":[{"href":"https:\/\/maxecol.com.co\/inicio\/index.php?rest_route=\/wp\/v2\/product"}],"about":[{"href":"https:\/\/maxecol.com.co\/inicio\/index.php?rest_route=\/wp\/v2\/types\/product"}],"replies":[{"embeddable":true,"href":"https:\/\/maxecol.com.co\/inicio\/index.php?rest_route=%2Fwp%2Fv2%2Fcomments&post=2660"}],"wp:featuredmedia":[{"embeddable":true,"href":"https:\/\/maxecol.com.co\/inicio\/index.php?rest_route=\/wp\/v2\/media\/2662"}],"wp:attachment":[{"href":"https:\/\/maxecol.com.co\/inicio\/index.php?rest_route=%2Fwp%2Fv2%2Fmedia&parent=2660"}],"wp:term":[{"taxonomy":"product_cat","embeddable":true,"href":"https:\/\/maxecol.com.co\/inicio\/index.php?rest_route=%2Fwp%2Fv2%2Fproduct_cat&post=2660"},{"taxonomy":"product_tag","embeddable":true,"href":"https:\/\/maxecol.com.co\/inicio\/index.php?rest_route=%2Fwp%2Fv2%2Fproduct_tag&post=2660"}],"curies":[{"name":"wp","href":"https:\/\/api.w.org\/{rel}","templated":true}]}}