{"id":2677,"date":"2026-04-14T15:40:56","date_gmt":"2026-04-14T21:10:56","guid":{"rendered":"https:\/\/maxecol.com.co\/inicio\/?post_type=product&#038;p=2677"},"modified":"2026-05-08T15:50:06","modified_gmt":"2026-05-08T21:20:06","slug":"audifonos-maxell-airlite-bt-air-conduction-eb-air90","status":"publish","type":"product","link":"https:\/\/maxecol.com.co\/inicio\/?product=audifonos-maxell-airlite-bt-air-conduction-eb-air90","title":{"rendered":"Aud?fonos Maxell Airlite Bt Air Conduction Eb-air90"},"content":{"rendered":"<h4 class=\"andes-typography andes-typography--type-title andes-typography--size-m andes-typography--color-primary andes-typography--weight-regular\">Aud\u00edfonos Maxell Airlite Bt Air Conduction Eb-air90<\/h4>\n","protected":false},"excerpt":{"rendered":"<p>Lleva tu experiencia auditiva al siguiente nivel con los aud\u00edfonos Maxell Airlite. Dise\u00f1ados con tecnolog\u00eda de conducci\u00f3n por aire y un dise\u00f1o open-ear, te permiten disfrutar de tu m\u00fasica sin aislarte del entorno, ideales para hacer ejercicio o estar al aire libre. Su estructura ultra ligera brinda m\u00e1xima comodidad durante horas, mientras que su bater\u00eda ofrece hasta 8 horas de reproducci\u00f3n continua. Con control t\u00e1ctil inteligente y carga r\u00e1pida v\u00eda USB-C, los Airlite combinan innovaci\u00f3n, estilo y funcionalidad. Con\u00e9ctalos f\u00e1cilmente v\u00eda Bluetooth y descubre la libertad de escuchar con comodidad y seguridad, est\u00e9s donde est\u00e9s.<\/p>\n<p>DESCRIPCION DE PRODUCTO<\/p>\n<p>\u2022 Bluetooth V5.4: Conexi\u00f3n estable y sin interrupciones.<br \/>\n\u2022 Bater\u00eda de larga duraci\u00f3n: Hasta 8 horas de reproducci\u00f3n continua.<br \/>\n\u2022 Carga r\u00e1pida: Solo 1.5 horas para carga completa (Tipo-C, 90mAh).<br \/>\n\u2022 Alcance inal\u00e1mbrico: Hasta 10 metros para mayor movilidad.<br \/>\n\u2022 Dise\u00f1o ergon\u00f3mico y ultraligero: Perfectos para largas sesiones de uso.<br \/>\n\u2022 Control t\u00e1ctil electrost\u00e1tico: Manejo intuitivo con un solo toque.<br \/>\n\u2022 Empaque incluye cable micro USB, mini bolso para aud\u00edfonos y manuales<br \/>\n\u2022 *El tiempo de reproducci\u00f3n\/conversaci\u00f3n puede variar seg\u00fan los diferentes dispositivos, vol\u00famenes y entornos<\/p>\n","protected":false},"featured_media":2680,"comment_status":"open","ping_status":"closed","template":"","meta":{"neve_meta_sidebar":"","neve_meta_container":"","neve_meta_enable_content_width":"off","neve_meta_content_width":100,"neve_meta_title_alignment":"","neve_meta_author_avatar":"","neve_post_elements_order":"","neve_meta_disable_header":"","neve_meta_disable_footer":"","neve_meta_disable_title":"","neve_meta_reading_time":"","_themeisle_gutenberg_block_has_review":false,"_ti_tpc_template_sync":false,"_ti_tpc_template_id":""},"product_cat":[22,24],"product_tag":[],"class_list":{"0":"post-2677","1":"product","2":"type-product","3":"status-publish","4":"has-post-thumbnail","6":"product_cat-audifonos","7":"product_cat-bluetooth-headphones","9":"first","10":"instock","11":"taxable","12":"shipping-taxable","13":"purchasable","14":"product-type-simple"},"_links":{"self":[{"href":"https:\/\/maxecol.com.co\/inicio\/index.php?rest_route=\/wp\/v2\/product\/2677"}],"collection":[{"href":"https:\/\/maxecol.com.co\/inicio\/index.php?rest_route=\/wp\/v2\/product"}],"about":[{"href":"https:\/\/maxecol.com.co\/inicio\/index.php?rest_route=\/wp\/v2\/types\/product"}],"replies":[{"embeddable":true,"href":"https:\/\/maxecol.com.co\/inicio\/index.php?rest_route=%2Fwp%2Fv2%2Fcomments&post=2677"}],"wp:featuredmedia":[{"embeddable":true,"href":"https:\/\/maxecol.com.co\/inicio\/index.php?rest_route=\/wp\/v2\/media\/2680"}],"wp:attachment":[{"href":"https:\/\/maxecol.com.co\/inicio\/index.php?rest_route=%2Fwp%2Fv2%2Fmedia&parent=2677"}],"wp:term":[{"taxonomy":"product_cat","embeddable":true,"href":"https:\/\/maxecol.com.co\/inicio\/index.php?rest_route=%2Fwp%2Fv2%2Fproduct_cat&post=2677"},{"taxonomy":"product_tag","embeddable":true,"href":"https:\/\/maxecol.com.co\/inicio\/index.php?rest_route=%2Fwp%2Fv2%2Fproduct_tag&post=2677"}],"curies":[{"name":"wp","href":"https:\/\/api.w.org\/{rel}","templated":true}]}}