{"id":2721,"date":"2026-04-16T11:55:19","date_gmt":"2026-04-16T17:25:19","guid":{"rendered":"https:\/\/maxecol.com.co\/inicio\/?post_type=product&#038;p=2721"},"modified":"2026-05-08T15:50:06","modified_gmt":"2026-05-08T21:20:06","slug":"audifonos-maxell-in-ear-tws-bluetooth-eb-btcuff-2","status":"publish","type":"product","link":"https:\/\/maxecol.com.co\/inicio\/?product=audifonos-maxell-in-ear-tws-bluetooth-eb-btcuff-2","title":{"rendered":"Aud?fonos Maxell In-ear Tws Bluetooth Eb-btcuff"},"content":{"rendered":"<h4 class=\"andes-typography andes-typography--type-title andes-typography--size-m andes-typography--color-primary andes-typography--weight-regular\">Aud\u00edfonos Maxell In-ear Tws Bluetooth Eb-btcuff<\/h4>\n","protected":false},"excerpt":{"rendered":"<p>\u00a1Descubre la pr\u00f3xima generaci\u00f3n de audio! Los Maxell Ear Cuff Clip On Earbuds te ofrecen una experiencia de sonido OPEN-EAR \u00fanica.<\/p>\n<p>Disfruta de hasta 5 horas de m\u00fasica continua con la m\u00e1xima comodidad, gracias a su dise\u00f1o ULTRA-LIGHT y de clip seguro. Son True Wireless (TWS) con un alcance de 10M.<\/p>\n<p>Controla tu m\u00fasica y llamadas sin esfuerzo con el SMART TOUCH CONTROL. Adem\u00e1s, su carga USB-C te mantiene siempre listo. \u00a1Sonido claro, ajuste perfecto y manos libres garantizado!<\/p>\n<p>DESCRIPCION DEL PRODUCTO<\/p>\n<p>\u2022 Dise\u00f1o: Son EAR CUFF CLIP ON EARBUDS (Aud\u00edfonos de clip tipo brazalete\/pu\u00f1o para la oreja).<br \/>\n\u2022 Tipo: Son OPEN-EAR TRUE WIRELESS EARBUDS (Aud\u00edfonos intrauditivos de o\u00eddo abierto completamente inal\u00e1mbricos).<br \/>\n\u2022 Tecnolog\u00eda Inal\u00e1mbrica: Utilizan Bluetooth y son TWS (True Wireless Stereo).<br \/>\n\u2022 Control: Cuentan con SMART TOUCH CONTROL (Control t\u00e1ctil inteligente).<br \/>\n\u2022 Duraci\u00f3n de Bater\u00eda: Ofrecen hasta 5 horas de reproducci\u00f3n de m\u00fasica (5hrs PLAYBACK MUSIC TIME).<br \/>\n\u2022 Carga: Se cargan mediante USB-C (Charge with USB-C Cable).<br \/>\n\u2022 Portabilidad\/Peso: Son ULTRA-LIGHT (Ultraligeros).<br \/>\n\u2022 Funciones de Control T\u00e1ctil: Permiten Prender\/Apagar, Pausar\/Reproducir, Contestar\/Finalizar Llamada, Activar el asistente de voz Siri System, Canci\u00f3n Anterior\/Siguiente.<br \/>\n\u2022 Alcance: Tienen una distancia de alcance de 10 metros (10M RANGE DISTANCE).<br \/>\n\u2022 Indicadores: La caja de carga tiene un LED indicador de porcentaje de carga (LED Indicador de Porcentaje) y los aud\u00edfonos tienen un LED Indicador Bluetooth y un Puerto de carga USB-C.<\/p>\n<p>&nbsp;<\/p>\n","protected":false},"featured_media":2723,"comment_status":"open","ping_status":"closed","template":"","meta":{"neve_meta_sidebar":"","neve_meta_container":"","neve_meta_enable_content_width":"off","neve_meta_content_width":100,"neve_meta_title_alignment":"","neve_meta_author_avatar":"","neve_post_elements_order":"","neve_meta_disable_header":"","neve_meta_disable_footer":"","neve_meta_disable_title":"","neve_meta_reading_time":"","_themeisle_gutenberg_block_has_review":false,"_ti_tpc_template_sync":false,"_ti_tpc_template_id":""},"product_cat":[22,32],"product_tag":[],"class_list":{"0":"post-2721","1":"product","2":"type-product","3":"status-publish","4":"has-post-thumbnail","6":"product_cat-audifonos","7":"product_cat-tws","8":"pa_marca-maxell","10":"first","11":"instock","12":"sale","13":"taxable","14":"shipping-taxable","15":"purchasable","16":"product-type-simple"},"_links":{"self":[{"href":"https:\/\/maxecol.com.co\/inicio\/index.php?rest_route=\/wp\/v2\/product\/2721"}],"collection":[{"href":"https:\/\/maxecol.com.co\/inicio\/index.php?rest_route=\/wp\/v2\/product"}],"about":[{"href":"https:\/\/maxecol.com.co\/inicio\/index.php?rest_route=\/wp\/v2\/types\/product"}],"replies":[{"embeddable":true,"href":"https:\/\/maxecol.com.co\/inicio\/index.php?rest_route=%2Fwp%2Fv2%2Fcomments&post=2721"}],"wp:featuredmedia":[{"embeddable":true,"href":"https:\/\/maxecol.com.co\/inicio\/index.php?rest_route=\/wp\/v2\/media\/2723"}],"wp:attachment":[{"href":"https:\/\/maxecol.com.co\/inicio\/index.php?rest_route=%2Fwp%2Fv2%2Fmedia&parent=2721"}],"wp:term":[{"taxonomy":"product_cat","embeddable":true,"href":"https:\/\/maxecol.com.co\/inicio\/index.php?rest_route=%2Fwp%2Fv2%2Fproduct_cat&post=2721"},{"taxonomy":"product_tag","embeddable":true,"href":"https:\/\/maxecol.com.co\/inicio\/index.php?rest_route=%2Fwp%2Fv2%2Fproduct_tag&post=2721"}],"curies":[{"name":"wp","href":"https:\/\/api.w.org\/{rel}","templated":true}]}}