{"id":528,"date":"2023-08-28T05:42:17","date_gmt":"2023-08-28T11:12:17","guid":{"rendered":"https:\/\/maxecol.com.co\/inicio\/?post_type=product&#038;p=528"},"modified":"2026-05-08T15:49:56","modified_gmt":"2026-05-08T21:19:56","slug":"memoria-mcsd-128gb-action-pro-class-10","status":"publish","type":"product","link":"https:\/\/maxecol.com.co\/inicio\/?product=memoria-mcsd-128gb-action-pro-class-10","title":{"rendered":"Memoria MicroSD Maxell 128GB Action Pro Class 10"},"content":{"rendered":"<p>UHS Speed Class U3 y Speed Class 10 para grabaci\u00f3n de v\u00eddeo y reproducci\u00f3n en 4K<\/p>\n","protected":false},"excerpt":{"rendered":"<p>Memoria MicroSD Flash Media Secure ACTION PRO con adaptador SD<\/p>\n<p>UHS Speed Class U3 y Speed Class 10 para grabaci\u00f3n de v\u00eddeo y reproducci\u00f3n en 4K<\/p>\n<p>6 veces m\u00e1s r\u00e1pida que una UHS-1<\/p>\n<p>Para uso general o diario, sobre todo en c\u00e1maras fotogr\u00e1ficas o de video profesionales, video drones, c\u00e1maras GoPro<\/p>\n<p>A prueba de golpes, cambios de temperatura, rayos X y resistente al agua, polvo, suciedad, manteniendo todos los datos en forma segura<\/p>\n<p>Velocidades de transferencia de hasta 100 MB\/s<\/p>\n<p>Resoluci\u00f3n m\u00e1xima soportada: 4K 4096&#215;2160<\/p>\n<p>Disponible en capacidades: 32GB, 64GB, 128GB y 256GB<\/p>\n<p>Incluye adaptador de SD para amplia compatibilidad de equipos, tel\u00e9fonos inteligentes y tabletas, tambi\u00e9n ideal para c\u00e1maras digitales, PCs, port\u00e1tiles, etc.<\/p>\n<p>Compatible con MAC y Windows<\/p>\n","protected":false},"featured_media":786,"comment_status":"open","ping_status":"closed","template":"","meta":{"neve_meta_sidebar":"","neve_meta_container":"","neve_meta_enable_content_width":"off","neve_meta_content_width":100,"neve_meta_title_alignment":"","neve_meta_author_avatar":"","neve_post_elements_order":"","neve_meta_disable_header":"","neve_meta_disable_footer":"","neve_meta_disable_title":"","neve_meta_reading_time":"","_themeisle_gutenberg_block_has_review":false,"_ti_tpc_template_sync":false,"_ti_tpc_template_id":""},"product_cat":[37,39],"product_tag":[],"class_list":{"0":"post-528","1":"product","2":"type-product","3":"status-publish","4":"has-post-thumbnail","6":"product_cat-almacenamiento","7":"product_cat-micro-sd","8":"pa_marca-maxell","10":"first","11":"instock","12":"taxable","13":"shipping-taxable","14":"purchasable","15":"product-type-simple"},"_links":{"self":[{"href":"https:\/\/maxecol.com.co\/inicio\/index.php?rest_route=\/wp\/v2\/product\/528"}],"collection":[{"href":"https:\/\/maxecol.com.co\/inicio\/index.php?rest_route=\/wp\/v2\/product"}],"about":[{"href":"https:\/\/maxecol.com.co\/inicio\/index.php?rest_route=\/wp\/v2\/types\/product"}],"replies":[{"embeddable":true,"href":"https:\/\/maxecol.com.co\/inicio\/index.php?rest_route=%2Fwp%2Fv2%2Fcomments&post=528"}],"wp:featuredmedia":[{"embeddable":true,"href":"https:\/\/maxecol.com.co\/inicio\/index.php?rest_route=\/wp\/v2\/media\/786"}],"wp:attachment":[{"href":"https:\/\/maxecol.com.co\/inicio\/index.php?rest_route=%2Fwp%2Fv2%2Fmedia&parent=528"}],"wp:term":[{"taxonomy":"product_cat","embeddable":true,"href":"https:\/\/maxecol.com.co\/inicio\/index.php?rest_route=%2Fwp%2Fv2%2Fproduct_cat&post=528"},{"taxonomy":"product_tag","embeddable":true,"href":"https:\/\/maxecol.com.co\/inicio\/index.php?rest_route=%2Fwp%2Fv2%2Fproduct_tag&post=528"}],"curies":[{"name":"wp","href":"https:\/\/api.w.org\/{rel}","templated":true}]}}