{"id":530,"date":"2023-08-28T05:47:44","date_gmt":"2023-08-28T11:17:44","guid":{"rendered":"https:\/\/maxecol.com.co\/inicio\/?post_type=product&#038;p=530"},"modified":"2026-05-08T15:49:56","modified_gmt":"2026-05-08T21:19:56","slug":"bateria-alcalina-aa-lr06-2pk","status":"publish","type":"product","link":"https:\/\/maxecol.com.co\/inicio\/?product=bateria-alcalina-aa-lr06-2pk","title":{"rendered":"BATERIA ALCALINA AA LR06 2PK"},"content":{"rendered":"<p>M\u00e1ximo Poder. M\u00e1xima Duraci\u00f3n<\/p>\n","protected":false},"excerpt":{"rendered":"<p>Bater\u00edas alcalinas de alta calidad y duraci\u00f3n para uso general<br \/>\nDuran 10 veces m\u00e1s que las bater\u00edas comunes<br \/>\nDe tecnolog\u00eda y calidad japonesa 100% garantizada<br \/>\nSe recomiendan bater\u00edas alcalinas para dispositivos de baja \/ alta potencia, incluidos detectores de incendios, relojes, controles remotos y otras aplicaciones de uso constante<br \/>\nLibres de elementos contaminantes como mercurio, cadmio, plomo<br \/>\nNo-recargable<\/p>\n","protected":false},"featured_media":532,"comment_status":"open","ping_status":"closed","template":"","meta":{"neve_meta_sidebar":"","neve_meta_container":"","neve_meta_enable_content_width":"off","neve_meta_content_width":100,"neve_meta_title_alignment":"","neve_meta_author_avatar":"","neve_post_elements_order":"","neve_meta_disable_header":"","neve_meta_disable_footer":"","neve_meta_disable_title":"","neve_meta_reading_time":"","_themeisle_gutenberg_block_has_review":false,"_ti_tpc_template_sync":false,"_ti_tpc_template_id":""},"product_cat":[40,26],"product_tag":[],"class_list":{"0":"post-530","1":"product","2":"type-product","3":"status-publish","4":"has-post-thumbnail","6":"product_cat-alcalinas","7":"product_cat-baterias","8":"pa_marca-maxell","10":"first","11":"instock","12":"taxable","13":"shipping-taxable","14":"purchasable","15":"product-type-simple"},"_links":{"self":[{"href":"https:\/\/maxecol.com.co\/inicio\/index.php?rest_route=\/wp\/v2\/product\/530"}],"collection":[{"href":"https:\/\/maxecol.com.co\/inicio\/index.php?rest_route=\/wp\/v2\/product"}],"about":[{"href":"https:\/\/maxecol.com.co\/inicio\/index.php?rest_route=\/wp\/v2\/types\/product"}],"replies":[{"embeddable":true,"href":"https:\/\/maxecol.com.co\/inicio\/index.php?rest_route=%2Fwp%2Fv2%2Fcomments&post=530"}],"wp:featuredmedia":[{"embeddable":true,"href":"https:\/\/maxecol.com.co\/inicio\/index.php?rest_route=\/wp\/v2\/media\/532"}],"wp:attachment":[{"href":"https:\/\/maxecol.com.co\/inicio\/index.php?rest_route=%2Fwp%2Fv2%2Fmedia&parent=530"}],"wp:term":[{"taxonomy":"product_cat","embeddable":true,"href":"https:\/\/maxecol.com.co\/inicio\/index.php?rest_route=%2Fwp%2Fv2%2Fproduct_cat&post=530"},{"taxonomy":"product_tag","embeddable":true,"href":"https:\/\/maxecol.com.co\/inicio\/index.php?rest_route=%2Fwp%2Fv2%2Fproduct_tag&post=530"}],"curies":[{"name":"wp","href":"https:\/\/api.w.org\/{rel}","templated":true}]}}