{"id":540,"date":"2023-08-28T07:41:19","date_gmt":"2023-08-28T13:11:19","guid":{"rendered":"https:\/\/maxecol.com.co\/inicio\/?post_type=product&#038;p=540"},"modified":"2026-05-08T15:49:57","modified_gmt":"2026-05-08T21:19:57","slug":"base-lc-2-refrigerante-para-laptop","status":"publish","type":"product","link":"https:\/\/maxecol.com.co\/inicio\/?product=base-lc-2-refrigerante-para-laptop","title":{"rendered":"Base Refrigeriacion Maxell Lc-2 Xstand Laptop Cooler"},"content":{"rendered":"<p>Dise\u00f1ados para laptops de todas las generaciones, listo para usar.<\/p>\n","protected":false},"excerpt":{"rendered":"<p>Soporte met\u00e1lico para computadores port\u00e1tiles con refrescador, minimizando el calor para ayudar que su equipo funcione a su m\u00e1xima expresi\u00f3n.<\/p>\n<p>Ajustable por \u00e1ngulos para mejorar la postura al estar sentado frente al computador<br \/>\nFresco y silencioso: 1 Ventilador de 2000 revoluciones por minuto con luz led<br \/>\n1 salidas USB totales para conexi\u00f3n de otros equipos<br \/>\nDise\u00f1o port\u00e1til y delgado<br \/>\nApoyo adicional en la base para que el equipo sea anti resbalante<br \/>\nCompatible con MAC y Windows<br \/>\nEmpaque incluye cable USB y manuales<\/p>\n","protected":false},"featured_media":539,"comment_status":"open","ping_status":"closed","template":"","meta":{"neve_meta_sidebar":"","neve_meta_container":"","neve_meta_enable_content_width":"off","neve_meta_content_width":100,"neve_meta_title_alignment":"","neve_meta_author_avatar":"","neve_post_elements_order":"","neve_meta_disable_header":"","neve_meta_disable_footer":"","neve_meta_disable_title":"","neve_meta_reading_time":"","_themeisle_gutenberg_block_has_review":false,"_ti_tpc_template_sync":false,"_ti_tpc_template_id":""},"product_cat":[49,48],"product_tag":[],"class_list":{"0":"post-540","1":"product","2":"type-product","3":"status-publish","4":"has-post-thumbnail","6":"product_cat-accesorios-computo","7":"product_cat-computo","8":"pa_marca-maxell","10":"first","11":"instock","12":"sale","13":"taxable","14":"shipping-taxable","15":"purchasable","16":"product-type-simple"},"_links":{"self":[{"href":"https:\/\/maxecol.com.co\/inicio\/index.php?rest_route=\/wp\/v2\/product\/540"}],"collection":[{"href":"https:\/\/maxecol.com.co\/inicio\/index.php?rest_route=\/wp\/v2\/product"}],"about":[{"href":"https:\/\/maxecol.com.co\/inicio\/index.php?rest_route=\/wp\/v2\/types\/product"}],"replies":[{"embeddable":true,"href":"https:\/\/maxecol.com.co\/inicio\/index.php?rest_route=%2Fwp%2Fv2%2Fcomments&post=540"}],"wp:featuredmedia":[{"embeddable":true,"href":"https:\/\/maxecol.com.co\/inicio\/index.php?rest_route=\/wp\/v2\/media\/539"}],"wp:attachment":[{"href":"https:\/\/maxecol.com.co\/inicio\/index.php?rest_route=%2Fwp%2Fv2%2Fmedia&parent=540"}],"wp:term":[{"taxonomy":"product_cat","embeddable":true,"href":"https:\/\/maxecol.com.co\/inicio\/index.php?rest_route=%2Fwp%2Fv2%2Fproduct_cat&post=540"},{"taxonomy":"product_tag","embeddable":true,"href":"https:\/\/maxecol.com.co\/inicio\/index.php?rest_route=%2Fwp%2Fv2%2Fproduct_tag&post=540"}],"curies":[{"name":"wp","href":"https:\/\/api.w.org\/{rel}","templated":true}]}}