{"id":658,"date":"2023-08-29T15:48:15","date_gmt":"2023-08-29T21:18:15","guid":{"rendered":"https:\/\/maxecol.com.co\/inicio\/?post_type=product&#038;p=658"},"modified":"2026-05-08T15:49:57","modified_gmt":"2026-05-08T21:19:57","slug":"mouse-mowr-101-optical-silver","status":"publish","type":"product","link":"https:\/\/maxecol.com.co\/inicio\/?product=mouse-mowr-101-optical-silver","title":{"rendered":"Mouse Maxell Mowl-101 Almabrico 1200\/3600 dpi optical Gris"},"content":{"rendered":"<h5>MOUSE MOWR-101 OPTICAL SILVER<\/h5>\n","protected":false},"excerpt":{"rendered":"<p>Mouse b\u00e1sico \u00f3ptico<br \/>\nResoluci\u00f3n de 1000 DPI<br \/>\nDise\u00f1o curvo c\u00f3modo ergon\u00f3mico<br \/>\nTextura anti resbalante<br \/>\nEmpu\u00f1aduras laterales para dedos<br \/>\nEntrada conector USB<br \/>\nLargo del cable: 140 cms<br \/>\nCompatible con MAC y Windows<br \/>\nColores variados para elegir<\/p>\n","protected":false},"featured_media":662,"comment_status":"open","ping_status":"closed","template":"","meta":{"neve_meta_sidebar":"","neve_meta_container":"","neve_meta_enable_content_width":"off","neve_meta_content_width":100,"neve_meta_title_alignment":"","neve_meta_author_avatar":"","neve_post_elements_order":"","neve_meta_disable_header":"","neve_meta_disable_footer":"","neve_meta_disable_title":"","neve_meta_reading_time":"","_themeisle_gutenberg_block_has_review":false,"_ti_tpc_template_sync":false,"_ti_tpc_template_id":""},"product_cat":[48,51],"product_tag":[],"class_list":{"0":"post-658","1":"product","2":"type-product","3":"status-publish","4":"has-post-thumbnail","6":"product_cat-computo","7":"product_cat-mouse","8":"pa_marca-maxell","10":"first","11":"instock","12":"taxable","13":"shipping-taxable","14":"purchasable","15":"product-type-simple"},"_links":{"self":[{"href":"https:\/\/maxecol.com.co\/inicio\/index.php?rest_route=\/wp\/v2\/product\/658"}],"collection":[{"href":"https:\/\/maxecol.com.co\/inicio\/index.php?rest_route=\/wp\/v2\/product"}],"about":[{"href":"https:\/\/maxecol.com.co\/inicio\/index.php?rest_route=\/wp\/v2\/types\/product"}],"replies":[{"embeddable":true,"href":"https:\/\/maxecol.com.co\/inicio\/index.php?rest_route=%2Fwp%2Fv2%2Fcomments&post=658"}],"wp:featuredmedia":[{"embeddable":true,"href":"https:\/\/maxecol.com.co\/inicio\/index.php?rest_route=\/wp\/v2\/media\/662"}],"wp:attachment":[{"href":"https:\/\/maxecol.com.co\/inicio\/index.php?rest_route=%2Fwp%2Fv2%2Fmedia&parent=658"}],"wp:term":[{"taxonomy":"product_cat","embeddable":true,"href":"https:\/\/maxecol.com.co\/inicio\/index.php?rest_route=%2Fwp%2Fv2%2Fproduct_cat&post=658"},{"taxonomy":"product_tag","embeddable":true,"href":"https:\/\/maxecol.com.co\/inicio\/index.php?rest_route=%2Fwp%2Fv2%2Fproduct_tag&post=658"}],"curies":[{"name":"wp","href":"https:\/\/api.w.org\/{rel}","templated":true}]}}