{"id":678,"date":"2023-08-30T08:36:40","date_gmt":"2023-08-30T14:06:40","guid":{"rendered":"https:\/\/maxecol.com.co\/inicio\/?post_type=product&#038;p=678"},"modified":"2025-11-18T15:17:50","modified_gmt":"2025-11-18T20:47:50","slug":"teclado-inalamb-wkbc-200-combo-2-4ghz","status":"publish","type":"product","link":"https:\/\/maxecol.com.co\/inicio\/?product=teclado-inalamb-wkbc-200-combo-2-4ghz","title":{"rendered":"Combo Teclado y Mouse Inalambrico WKBC-200  2.4GHz Negro"},"content":{"rendered":"<h5>TECLADO INALAMB WKBC-200 COMBO 2.4GHz<\/h5>\n","protected":false},"excerpt":{"rendered":"<p>Descripci\u00f3n de Producto:<\/p>\n<p>Combo de teclado inal\u00e1mbrico con pad num\u00e9rico y mouse inal\u00e1mbrico<br \/>\nReceptor USB, tecnolog\u00eda inal\u00e1mbrica 2.4GHz que controla a la vez<br \/>\nRango inal\u00e1mbrico de hasta 8 metros<br \/>\nTeclas de comando directo en la parte superior para accesos directos y funciones multimedia<br \/>\nTeclas sensibles para velocidad y comodidad<br \/>\nResoluci\u00f3n del mouse de 1000dpi<br \/>\nSoporte de inclinaci\u00f3n<br \/>\nOrificios de drenaje para accidentes o derrames de l\u00edquidos sobre el mismo<br \/>\nCompatible con MAC y Windows<\/p>\n","protected":false},"featured_media":679,"comment_status":"open","ping_status":"closed","template":"","meta":{"neve_meta_sidebar":"","neve_meta_container":"","neve_meta_enable_content_width":"off","neve_meta_content_width":100,"neve_meta_title_alignment":"","neve_meta_author_avatar":"","neve_post_elements_order":"","neve_meta_disable_header":"","neve_meta_disable_footer":"","neve_meta_disable_title":"","neve_meta_reading_time":"","_themeisle_gutenberg_block_has_review":false,"_ti_tpc_template_sync":false,"_ti_tpc_template_id":""},"product_cat":[48,52],"product_tag":[],"class_list":{"0":"post-678","1":"product","2":"type-product","3":"status-publish","4":"has-post-thumbnail","6":"product_cat-computo","7":"product_cat-teclados","8":"pa_marca-maxell","10":"first","11":"instock","12":"taxable","13":"shipping-taxable","14":"purchasable","15":"product-type-simple"},"_links":{"self":[{"href":"https:\/\/maxecol.com.co\/inicio\/index.php?rest_route=\/wp\/v2\/product\/678"}],"collection":[{"href":"https:\/\/maxecol.com.co\/inicio\/index.php?rest_route=\/wp\/v2\/product"}],"about":[{"href":"https:\/\/maxecol.com.co\/inicio\/index.php?rest_route=\/wp\/v2\/types\/product"}],"replies":[{"embeddable":true,"href":"https:\/\/maxecol.com.co\/inicio\/index.php?rest_route=%2Fwp%2Fv2%2Fcomments&post=678"}],"wp:featuredmedia":[{"embeddable":true,"href":"https:\/\/maxecol.com.co\/inicio\/index.php?rest_route=\/wp\/v2\/media\/679"}],"wp:attachment":[{"href":"https:\/\/maxecol.com.co\/inicio\/index.php?rest_route=%2Fwp%2Fv2%2Fmedia&parent=678"}],"wp:term":[{"taxonomy":"product_cat","embeddable":true,"href":"https:\/\/maxecol.com.co\/inicio\/index.php?rest_route=%2Fwp%2Fv2%2Fproduct_cat&post=678"},{"taxonomy":"product_tag","embeddable":true,"href":"https:\/\/maxecol.com.co\/inicio\/index.php?rest_route=%2Fwp%2Fv2%2Fproduct_tag&post=678"}],"curies":[{"name":"wp","href":"https:\/\/api.w.org\/{rel}","templated":true}]}}