{"id":703,"date":"2023-08-30T09:44:24","date_gmt":"2023-08-30T15:14:24","guid":{"rendered":"https:\/\/maxecol.com.co\/inicio\/?post_type=product&#038;p=703"},"modified":"2026-05-08T15:49:57","modified_gmt":"2026-05-08T21:19:57","slug":"memoria-usb-metal-64gb-puerto-2-0","status":"publish","type":"product","link":"https:\/\/maxecol.com.co\/inicio\/?product=memoria-usb-metal-64gb-puerto-2-0","title":{"rendered":"Memoria USB Maxell Metal 64GB GRIS 2.0"},"content":{"rendered":"<h5>MEMORIA USB METAL 64GB PUERTO 2.0<\/h5>\n","protected":false},"excerpt":{"rendered":"<p>Memoria USB Metal, dise\u00f1o peque\u00f1o, compacto y de bajo perfil con acabado de metal para mayor resistencia y duraci\u00f3n<br \/>\nR\u00e1pida transferencia de datos y contenidos<br \/>\nPara uso general o diario en el trabajo, la escuela, el hogar y los viajes para fotos, m\u00fasica, videos, presentaciones, transferencia de archivos y almacenamiento general<br \/>\nConecta y reproduce. Una vez que almacenes el contenido, podr\u00e1s utilizarlos en reproductores de m\u00fasica, computadoras, port\u00e1tiles, en el auto y m\u00e1s<br \/>\nDisponibles en versi\u00f3n 2.0 o 3.0<br \/>\nUSB 3.0 es capaz de alcanzar velocidad m\u00e1xima de 5 Gbps siendo 10 veces m\u00e1s r\u00e1pido que USB 2.0<br \/>\nDisponible en capacidades: 64GB<br \/>\nCompatible con MAC y Windows<br \/>\n*Todas las memorias USB, SD y OTG Maxell cuentan con garant\u00eda de por vida por da\u00f1os de fabricaci\u00f3n<\/p>\n","protected":false},"featured_media":701,"comment_status":"open","ping_status":"closed","template":"","meta":{"neve_meta_sidebar":"","neve_meta_container":"","neve_meta_enable_content_width":"off","neve_meta_content_width":100,"neve_meta_title_alignment":"","neve_meta_author_avatar":"","neve_post_elements_order":"","neve_meta_disable_header":"","neve_meta_disable_footer":"","neve_meta_disable_title":"","neve_meta_reading_time":"","_themeisle_gutenberg_block_has_review":false,"_ti_tpc_template_sync":false,"_ti_tpc_template_id":""},"product_cat":[37,38],"product_tag":[],"class_list":{"0":"post-703","1":"product","2":"type-product","3":"status-publish","4":"has-post-thumbnail","6":"product_cat-almacenamiento","7":"product_cat-usb","8":"pa_marca-maxell","10":"first","11":"instock","12":"taxable","13":"shipping-taxable","14":"purchasable","15":"product-type-simple"},"_links":{"self":[{"href":"https:\/\/maxecol.com.co\/inicio\/index.php?rest_route=\/wp\/v2\/product\/703"}],"collection":[{"href":"https:\/\/maxecol.com.co\/inicio\/index.php?rest_route=\/wp\/v2\/product"}],"about":[{"href":"https:\/\/maxecol.com.co\/inicio\/index.php?rest_route=\/wp\/v2\/types\/product"}],"replies":[{"embeddable":true,"href":"https:\/\/maxecol.com.co\/inicio\/index.php?rest_route=%2Fwp%2Fv2%2Fcomments&post=703"}],"wp:featuredmedia":[{"embeddable":true,"href":"https:\/\/maxecol.com.co\/inicio\/index.php?rest_route=\/wp\/v2\/media\/701"}],"wp:attachment":[{"href":"https:\/\/maxecol.com.co\/inicio\/index.php?rest_route=%2Fwp%2Fv2%2Fmedia&parent=703"}],"wp:term":[{"taxonomy":"product_cat","embeddable":true,"href":"https:\/\/maxecol.com.co\/inicio\/index.php?rest_route=%2Fwp%2Fv2%2Fproduct_cat&post=703"},{"taxonomy":"product_tag","embeddable":true,"href":"https:\/\/maxecol.com.co\/inicio\/index.php?rest_route=%2Fwp%2Fv2%2Fproduct_tag&post=703"}],"curies":[{"name":"wp","href":"https:\/\/api.w.org\/{rel}","templated":true}]}}