{"id":730,"date":"2023-08-30T11:11:34","date_gmt":"2023-08-30T16:41:34","guid":{"rendered":"https:\/\/maxecol.com.co\/inicio\/?post_type=product&#038;p=730"},"modified":"2026-05-08T15:49:57","modified_gmt":"2026-05-08T21:19:57","slug":"memoria-mcsd-256gb-action-pro-class-10","status":"publish","type":"product","link":"https:\/\/maxecol.com.co\/inicio\/?product=memoria-mcsd-256gb-action-pro-class-10","title":{"rendered":"Memoria MicroSD Maxell  256GB Action Pro Class 10"},"content":{"rendered":"<h5>MEMORIA MCSD 256GB ACTION PRO CLASS 10<\/h5>\n","protected":false},"excerpt":{"rendered":"<p>Dise\u00f1ada para durar, proteger datos y ampliar el almacenamiento de distintos dispositivos, la memoria Maxell 348444 permitir\u00e1 guardar archivos de forma simple, segura y efectiva.<\/p>\n<p>Optimiz\u00e1 tu espacio y gan\u00e1 tiempo<br \/>\nEsta tarjeta MicroSDHC es ideal para m\u00f3viles. Su tama\u00f1o peque\u00f1o facilita su uso y ofrece gran comodidad y practicidad.<\/p>\n<p>M\u00e1ximo rendimiento<br \/>\nAhorr\u00e1 tiempo gracias a su velocidad clase 10, que posibilita la transferencia de datos de forma r\u00e1pida y efectiva.<\/p>\n<p>Vers\u00e1til y funcional<br \/>\n\u00a1Usala donde quieras! Su adaptador SD facilita la colocaci\u00f3n de la tarjeta en distintos aparatos electr\u00f3nicos, lo que te permitir\u00e1 intercambiarla y ganar espacio en el equipo que necesites.<\/p>\n","protected":false},"featured_media":788,"comment_status":"open","ping_status":"closed","template":"","meta":{"neve_meta_sidebar":"","neve_meta_container":"","neve_meta_enable_content_width":"off","neve_meta_content_width":100,"neve_meta_title_alignment":"","neve_meta_author_avatar":"","neve_post_elements_order":"","neve_meta_disable_header":"","neve_meta_disable_footer":"","neve_meta_disable_title":"","neve_meta_reading_time":"","_themeisle_gutenberg_block_has_review":false,"_ti_tpc_template_sync":false,"_ti_tpc_template_id":""},"product_cat":[37,39],"product_tag":[],"class_list":{"0":"post-730","1":"product","2":"type-product","3":"status-publish","4":"has-post-thumbnail","6":"product_cat-almacenamiento","7":"product_cat-micro-sd","8":"pa_marca-maxell","10":"first","11":"instock","12":"taxable","13":"shipping-taxable","14":"purchasable","15":"product-type-simple"},"_links":{"self":[{"href":"https:\/\/maxecol.com.co\/inicio\/index.php?rest_route=\/wp\/v2\/product\/730"}],"collection":[{"href":"https:\/\/maxecol.com.co\/inicio\/index.php?rest_route=\/wp\/v2\/product"}],"about":[{"href":"https:\/\/maxecol.com.co\/inicio\/index.php?rest_route=\/wp\/v2\/types\/product"}],"replies":[{"embeddable":true,"href":"https:\/\/maxecol.com.co\/inicio\/index.php?rest_route=%2Fwp%2Fv2%2Fcomments&post=730"}],"wp:featuredmedia":[{"embeddable":true,"href":"https:\/\/maxecol.com.co\/inicio\/index.php?rest_route=\/wp\/v2\/media\/788"}],"wp:attachment":[{"href":"https:\/\/maxecol.com.co\/inicio\/index.php?rest_route=%2Fwp%2Fv2%2Fmedia&parent=730"}],"wp:term":[{"taxonomy":"product_cat","embeddable":true,"href":"https:\/\/maxecol.com.co\/inicio\/index.php?rest_route=%2Fwp%2Fv2%2Fproduct_cat&post=730"},{"taxonomy":"product_tag","embeddable":true,"href":"https:\/\/maxecol.com.co\/inicio\/index.php?rest_route=%2Fwp%2Fv2%2Fproduct_tag&post=730"}],"curies":[{"name":"wp","href":"https:\/\/api.w.org\/{rel}","templated":true}]}}