{"id":731,"date":"2023-08-30T11:11:35","date_gmt":"2023-08-30T16:41:35","guid":{"rendered":"https:\/\/maxecol.com.co\/inicio\/?post_type=product&#038;p=731"},"modified":"2026-05-08T15:49:57","modified_gmt":"2026-05-08T21:19:57","slug":"memoria-mcsd-32gb-class-10","status":"publish","type":"product","link":"https:\/\/maxecol.com.co\/inicio\/?product=memoria-mcsd-32gb-class-10","title":{"rendered":"MEMORIA MCSD 32GB CLASS 10"},"content":{"rendered":"<h5>MEMORIA MCSD 32GB CLASS 10<\/h5>\n","protected":false},"excerpt":{"rendered":"<p>Memoria MicroSD Flash Media Secure TRANSFLASH con adaptador SD<br \/>\nUHS-1 y Speed Class 10 para grabaci\u00f3n y reproducci\u00f3n de v\u00eddeos en general<br \/>\n2 veces m\u00e1s r\u00e1pida que una memoria Class 4<br \/>\nPara uso general o diario, sobre todo en tel\u00e9fonos m\u00f3viles, c\u00e1maras de seguridad<br \/>\nA prueba de golpes, cambios de temperatura, rayos X y resistente al agua, polvo, suciedad, manteniendo todos los datos en forma segura<br \/>\nVelocidades de transferencia de hasta 90 MB\/s<br \/>\nDisponible en capacidades: 8GB,16GB, 32GB, 64GB y 128GB<br \/>\nIncluye adaptador de SD para amplia compatibilidad de equipos, tel\u00e9fonos inteligentes y tabletas, tambi\u00e9n ideal para c\u00e1maras digitales, PCs, port\u00e1tiles, etc.<br \/>\nCompatible con MAC y Windows<\/p>\n<p>*Todas las memorias USB, SD y OTG Maxell cuentan con garant\u00eda de por vida por da\u00f1os de fabricaci\u00f3n<\/p>\n","protected":false},"featured_media":790,"comment_status":"open","ping_status":"closed","template":"","meta":{"neve_meta_sidebar":"","neve_meta_container":"","neve_meta_enable_content_width":"off","neve_meta_content_width":100,"neve_meta_title_alignment":"","neve_meta_author_avatar":"","neve_post_elements_order":"","neve_meta_disable_header":"","neve_meta_disable_footer":"","neve_meta_disable_title":"","neve_meta_reading_time":"","_themeisle_gutenberg_block_has_review":false,"_ti_tpc_template_sync":false,"_ti_tpc_template_id":""},"product_cat":[37,39],"product_tag":[],"class_list":{"0":"post-731","1":"product","2":"type-product","3":"status-publish","4":"has-post-thumbnail","6":"product_cat-almacenamiento","7":"product_cat-micro-sd","8":"pa_marca-maxell","10":"first","11":"outofstock","12":"taxable","13":"shipping-taxable","14":"purchasable","15":"product-type-simple"},"_links":{"self":[{"href":"https:\/\/maxecol.com.co\/inicio\/index.php?rest_route=\/wp\/v2\/product\/731"}],"collection":[{"href":"https:\/\/maxecol.com.co\/inicio\/index.php?rest_route=\/wp\/v2\/product"}],"about":[{"href":"https:\/\/maxecol.com.co\/inicio\/index.php?rest_route=\/wp\/v2\/types\/product"}],"replies":[{"embeddable":true,"href":"https:\/\/maxecol.com.co\/inicio\/index.php?rest_route=%2Fwp%2Fv2%2Fcomments&post=731"}],"wp:featuredmedia":[{"embeddable":true,"href":"https:\/\/maxecol.com.co\/inicio\/index.php?rest_route=\/wp\/v2\/media\/790"}],"wp:attachment":[{"href":"https:\/\/maxecol.com.co\/inicio\/index.php?rest_route=%2Fwp%2Fv2%2Fmedia&parent=731"}],"wp:term":[{"taxonomy":"product_cat","embeddable":true,"href":"https:\/\/maxecol.com.co\/inicio\/index.php?rest_route=%2Fwp%2Fv2%2Fproduct_cat&post=731"},{"taxonomy":"product_tag","embeddable":true,"href":"https:\/\/maxecol.com.co\/inicio\/index.php?rest_route=%2Fwp%2Fv2%2Fproduct_tag&post=731"}],"curies":[{"name":"wp","href":"https:\/\/api.w.org\/{rel}","templated":true}]}}