{"id":739,"date":"2023-08-30T11:11:36","date_gmt":"2023-08-30T16:41:36","guid":{"rendered":"https:\/\/maxecol.com.co\/inicio\/?post_type=product&#038;p=739"},"modified":"2025-11-18T15:17:52","modified_gmt":"2025-11-18T20:47:52","slug":"memoria-usb-flix-30-de-64gb-negro-amarillo","status":"publish","type":"product","link":"https:\/\/maxecol.com.co\/inicio\/?product=memoria-usb-flix-30-de-64gb-negro-amarillo","title":{"rendered":"Memoria USB Maxell FLIX 3.2  64GB Negro\/Amarillo"},"content":{"rendered":"<h5>MEMORIA USB FLIX 3,0 DE 64GB NEGRO\/AMARILLO<\/h5>\n","protected":false},"excerpt":{"rendered":"<p>Memoria USB Flix, dise\u00f1o retr\u00e1ctil sin tapa<\/p>\n<p>R\u00e1pida transferencia de datos y contenidos<br \/>\nPara uso general o diario en el trabajo, la escuela, el hogar y los viajes para fotos, m\u00fasica, videos, presentaciones, transferencia de archivos y almacenamiento general<br \/>\nConecta y reproduce. Una vez que almacenes el contenido, podr\u00e1s utilizarlos en reproductores de m\u00fasica, computadoras, port\u00e1tiles, en el auto y m\u00e1s<br \/>\nUSB 3.0 es capaz de alcanzar velocidad m\u00e1xima de 5 Gbps siendo 10 veces m\u00e1s r\u00e1pido que USB 2.0<br \/>\nDisponible en capacidades: 32GB, 64GB y 128GB<br \/>\nColores variados para elegir<br \/>\nCompatible con MAC y Windows<\/p>\n","protected":false},"featured_media":795,"comment_status":"open","ping_status":"closed","template":"","meta":{"neve_meta_sidebar":"","neve_meta_container":"","neve_meta_enable_content_width":"off","neve_meta_content_width":100,"neve_meta_title_alignment":"","neve_meta_author_avatar":"","neve_post_elements_order":"","neve_meta_disable_header":"","neve_meta_disable_footer":"","neve_meta_disable_title":"","neve_meta_reading_time":"","_themeisle_gutenberg_block_has_review":false,"_ti_tpc_template_sync":false,"_ti_tpc_template_id":""},"product_cat":[37,38],"product_tag":[],"class_list":{"0":"post-739","1":"product","2":"type-product","3":"status-publish","4":"has-post-thumbnail","6":"product_cat-almacenamiento","7":"product_cat-usb","8":"pa_marca-maxell","10":"first","11":"instock","12":"taxable","13":"shipping-taxable","14":"purchasable","15":"product-type-simple"},"_links":{"self":[{"href":"https:\/\/maxecol.com.co\/inicio\/index.php?rest_route=\/wp\/v2\/product\/739"}],"collection":[{"href":"https:\/\/maxecol.com.co\/inicio\/index.php?rest_route=\/wp\/v2\/product"}],"about":[{"href":"https:\/\/maxecol.com.co\/inicio\/index.php?rest_route=\/wp\/v2\/types\/product"}],"replies":[{"embeddable":true,"href":"https:\/\/maxecol.com.co\/inicio\/index.php?rest_route=%2Fwp%2Fv2%2Fcomments&post=739"}],"wp:featuredmedia":[{"embeddable":true,"href":"https:\/\/maxecol.com.co\/inicio\/index.php?rest_route=\/wp\/v2\/media\/795"}],"wp:attachment":[{"href":"https:\/\/maxecol.com.co\/inicio\/index.php?rest_route=%2Fwp%2Fv2%2Fmedia&parent=739"}],"wp:term":[{"taxonomy":"product_cat","embeddable":true,"href":"https:\/\/maxecol.com.co\/inicio\/index.php?rest_route=%2Fwp%2Fv2%2Fproduct_cat&post=739"},{"taxonomy":"product_tag","embeddable":true,"href":"https:\/\/maxecol.com.co\/inicio\/index.php?rest_route=%2Fwp%2Fv2%2Fproduct_tag&post=739"}],"curies":[{"name":"wp","href":"https:\/\/api.w.org\/{rel}","templated":true}]}}