{"id":755,"date":"2023-08-30T11:53:26","date_gmt":"2023-08-30T17:23:26","guid":{"rendered":"https:\/\/maxecol.com.co\/inicio\/?post_type=product&#038;p=755"},"modified":"2026-05-08T15:49:59","modified_gmt":"2026-05-08T21:19:59","slug":"maxell-audifo-plugz-in-225-black-c-microfono","status":"publish","type":"product","link":"https:\/\/maxecol.com.co\/inicio\/?product=maxell-audifo-plugz-in-225-black-c-microfono","title":{"rendered":"MAXELL AUDIFO PLUGZ IN-225 BLACK C\/MICROFONO"},"content":{"rendered":"<h5>MAXELL AUDIFO PLUGZ IN-225 BLACK C\/MICROFONO<\/h5>\n","protected":false},"excerpt":{"rendered":"<p>Aud\u00edfono est\u00e9reo b\u00e1sicos de tap\u00f3n de silicona<br \/>\nEntrada de audio 3.5mm<br \/>\nMicr\u00f3fono con bot\u00f3n contestador de llamadas<br \/>\nSonido claro<br \/>\nColores variados para elegir<\/p>\n","protected":false},"featured_media":824,"comment_status":"open","ping_status":"closed","template":"","meta":{"neve_meta_sidebar":"","neve_meta_container":"","neve_meta_enable_content_width":"off","neve_meta_content_width":100,"neve_meta_title_alignment":"","neve_meta_author_avatar":"","neve_post_elements_order":"","neve_meta_disable_header":"","neve_meta_disable_footer":"","neve_meta_disable_title":"","neve_meta_reading_time":"","_themeisle_gutenberg_block_has_review":false,"_ti_tpc_template_sync":false,"_ti_tpc_template_id":""},"product_cat":[22,25],"product_tag":[],"class_list":{"0":"post-755","1":"product","2":"type-product","3":"status-publish","4":"has-post-thumbnail","6":"product_cat-audifonos","7":"product_cat-earbuds","8":"pa_marca-maxell","10":"first","11":"instock","12":"taxable","13":"shipping-taxable","14":"purchasable","15":"product-type-simple"},"_links":{"self":[{"href":"https:\/\/maxecol.com.co\/inicio\/index.php?rest_route=\/wp\/v2\/product\/755"}],"collection":[{"href":"https:\/\/maxecol.com.co\/inicio\/index.php?rest_route=\/wp\/v2\/product"}],"about":[{"href":"https:\/\/maxecol.com.co\/inicio\/index.php?rest_route=\/wp\/v2\/types\/product"}],"replies":[{"embeddable":true,"href":"https:\/\/maxecol.com.co\/inicio\/index.php?rest_route=%2Fwp%2Fv2%2Fcomments&post=755"}],"wp:featuredmedia":[{"embeddable":true,"href":"https:\/\/maxecol.com.co\/inicio\/index.php?rest_route=\/wp\/v2\/media\/824"}],"wp:attachment":[{"href":"https:\/\/maxecol.com.co\/inicio\/index.php?rest_route=%2Fwp%2Fv2%2Fmedia&parent=755"}],"wp:term":[{"taxonomy":"product_cat","embeddable":true,"href":"https:\/\/maxecol.com.co\/inicio\/index.php?rest_route=%2Fwp%2Fv2%2Fproduct_cat&post=755"},{"taxonomy":"product_tag","embeddable":true,"href":"https:\/\/maxecol.com.co\/inicio\/index.php?rest_route=%2Fwp%2Fv2%2Fproduct_tag&post=755"}],"curies":[{"name":"wp","href":"https:\/\/api.w.org\/{rel}","templated":true}]}}