{"id":760,"date":"2023-08-30T13:51:32","date_gmt":"2023-08-30T19:21:32","guid":{"rendered":"https:\/\/maxecol.com.co\/inicio\/?post_type=product&#038;p=760"},"modified":"2026-05-08T15:50:00","modified_gmt":"2026-05-08T21:20:00","slug":"audifo-hp-b52-c-microf-black-blue-copa-completa","status":"publish","type":"product","link":"https:\/\/maxecol.com.co\/inicio\/?product=audifo-hp-b52-c-microf-black-blue-copa-completa","title":{"rendered":"Diadema Maxell Hp-b52 C\/microf 3.5mm Azul"},"content":{"rendered":"<h5>AUDIFO HP-B52 C\/MICROF BLACK\/BLUE COPA COMPLETA<\/h5>\n","protected":false},"excerpt":{"rendered":"<p>Aud\u00edfonos Diadema, al\u00e1mbricos con micr\u00f3fono de bajos profundos<br \/>\nCable trenzado para mayor resistencia y duraci\u00f3n<br \/>\nCopa completa ultra-acolchada<br \/>\nBanda ajustable y plegable<br \/>\nEntrada de audio 3.5mm<br \/>\nMicr\u00f3fono omnidireccional con bot\u00f3n contestador de llamadas<br \/>\nCalidad de sonido inmersivo excelente<\/p>\n","protected":false},"featured_media":873,"comment_status":"open","ping_status":"closed","template":"","meta":{"neve_meta_sidebar":"","neve_meta_container":"","neve_meta_enable_content_width":"off","neve_meta_content_width":100,"neve_meta_title_alignment":"","neve_meta_author_avatar":"","neve_post_elements_order":"","neve_meta_disable_header":"","neve_meta_disable_footer":"","neve_meta_disable_title":"","neve_meta_reading_time":"","_themeisle_gutenberg_block_has_review":false,"_ti_tpc_template_sync":false,"_ti_tpc_template_id":""},"product_cat":[22,31],"product_tag":[],"class_list":{"0":"post-760","1":"product","2":"type-product","3":"status-publish","4":"has-post-thumbnail","6":"product_cat-audifonos","7":"product_cat-headphones","8":"pa_marca-maxell","10":"first","11":"instock","12":"sale","13":"taxable","14":"shipping-taxable","15":"purchasable","16":"product-type-simple"},"_links":{"self":[{"href":"https:\/\/maxecol.com.co\/inicio\/index.php?rest_route=\/wp\/v2\/product\/760"}],"collection":[{"href":"https:\/\/maxecol.com.co\/inicio\/index.php?rest_route=\/wp\/v2\/product"}],"about":[{"href":"https:\/\/maxecol.com.co\/inicio\/index.php?rest_route=\/wp\/v2\/types\/product"}],"replies":[{"embeddable":true,"href":"https:\/\/maxecol.com.co\/inicio\/index.php?rest_route=%2Fwp%2Fv2%2Fcomments&post=760"}],"wp:featuredmedia":[{"embeddable":true,"href":"https:\/\/maxecol.com.co\/inicio\/index.php?rest_route=\/wp\/v2\/media\/873"}],"wp:attachment":[{"href":"https:\/\/maxecol.com.co\/inicio\/index.php?rest_route=%2Fwp%2Fv2%2Fmedia&parent=760"}],"wp:term":[{"taxonomy":"product_cat","embeddable":true,"href":"https:\/\/maxecol.com.co\/inicio\/index.php?rest_route=%2Fwp%2Fv2%2Fproduct_cat&post=760"},{"taxonomy":"product_tag","embeddable":true,"href":"https:\/\/maxecol.com.co\/inicio\/index.php?rest_route=%2Fwp%2Fv2%2Fproduct_tag&post=760"}],"curies":[{"name":"wp","href":"https:\/\/api.w.org\/{rel}","templated":true}]}}