{"id":769,"date":"2023-08-30T13:51:32","date_gmt":"2023-08-30T19:21:32","guid":{"rendered":"https:\/\/maxecol.com.co\/inicio\/?post_type=product&#038;p=769"},"modified":"2026-05-08T15:50:00","modified_gmt":"2026-05-08T21:20:00","slug":"diadema-h-mic-detachable-conex-usb","status":"publish","type":"product","link":"https:\/\/maxecol.com.co\/inicio\/?product=diadema-h-mic-detachable-conex-usb","title":{"rendered":"Diadema Maxell Detachable H-mic Usb-C Acaptador USB negro"},"content":{"rendered":"<h5>DIADEMA H-MIC DETACHABLE CONEX USB<\/h5>\n","protected":false},"excerpt":{"rendered":"<p>Eleva tus reuniones virtuales y sesiones de trabajo con la Diadema H-Mic USB con Micr\u00f3fono de Maxell. Equipada con un micr\u00f3fono de alta calidad y cancelaci\u00f3n de ruido, esta diadema te ofrece claridad en tus comunicaciones en l\u00ednea.<br \/>\nLa conexi\u00f3n USB plug-and-play garantiza una configuraci\u00f3n r\u00e1pida y sencilla, y el dise\u00f1o c\u00f3modo te permite usarla durante horas sin molestias. Aumenta tu productividad y mejora la calidad de tus llamadas con esta diadema de Maxell.<\/p>\n<p>\u2022 Aud\u00edfonos almohadillas de espuma con micr\u00f3fono desmontable<br \/>\n\u2022 El micr\u00f3fono desmontable permite el uso en auriculares est\u00e9reo independiente, micr\u00f3fono o auriculares<br \/>\n\u2022 Banda delgada ajustable para el cuello<br \/>\n\u2022 Control de volumen y bot\u00f3n de modo silenciar<br \/>\n\u2022 Entrada USB-C mas adaptador USB<br \/>\n\u2022 Peso y dise\u00f1o liviano<\/p>\n","protected":false},"featured_media":2412,"comment_status":"open","ping_status":"closed","template":"","meta":{"neve_meta_sidebar":"","neve_meta_container":"","neve_meta_enable_content_width":"off","neve_meta_content_width":100,"neve_meta_title_alignment":"","neve_meta_author_avatar":"","neve_post_elements_order":"","neve_meta_disable_header":"","neve_meta_disable_footer":"","neve_meta_disable_title":"","neve_meta_reading_time":"","_themeisle_gutenberg_block_has_review":false,"_ti_tpc_template_sync":false,"_ti_tpc_template_id":""},"product_cat":[22,30],"product_tag":[],"class_list":{"0":"post-769","1":"product","2":"type-product","3":"status-publish","4":"has-post-thumbnail","6":"product_cat-audifonos","7":"product_cat-earclips-headsets","8":"pa_marca-maxell","10":"first","11":"instock","12":"sale","13":"taxable","14":"shipping-taxable","15":"purchasable","16":"product-type-simple"},"_links":{"self":[{"href":"https:\/\/maxecol.com.co\/inicio\/index.php?rest_route=\/wp\/v2\/product\/769"}],"collection":[{"href":"https:\/\/maxecol.com.co\/inicio\/index.php?rest_route=\/wp\/v2\/product"}],"about":[{"href":"https:\/\/maxecol.com.co\/inicio\/index.php?rest_route=\/wp\/v2\/types\/product"}],"replies":[{"embeddable":true,"href":"https:\/\/maxecol.com.co\/inicio\/index.php?rest_route=%2Fwp%2Fv2%2Fcomments&post=769"}],"wp:featuredmedia":[{"embeddable":true,"href":"https:\/\/maxecol.com.co\/inicio\/index.php?rest_route=\/wp\/v2\/media\/2412"}],"wp:attachment":[{"href":"https:\/\/maxecol.com.co\/inicio\/index.php?rest_route=%2Fwp%2Fv2%2Fmedia&parent=769"}],"wp:term":[{"taxonomy":"product_cat","embeddable":true,"href":"https:\/\/maxecol.com.co\/inicio\/index.php?rest_route=%2Fwp%2Fv2%2Fproduct_cat&post=769"},{"taxonomy":"product_tag","embeddable":true,"href":"https:\/\/maxecol.com.co\/inicio\/index.php?rest_route=%2Fwp%2Fv2%2Fproduct_tag&post=769"}],"curies":[{"name":"wp","href":"https:\/\/api.w.org\/{rel}","templated":true}]}}